{"id":1356,"date":"2019-03-11T17:51:01","date_gmt":"2019-03-11T16:51:01","guid":{"rendered":"https:\/\/www.sigam.it\/industrial-machinery\/"},"modified":"2025-11-12T12:54:52","modified_gmt":"2025-11-12T11:54:52","slug":"machines-industrielles","status":"publish","type":"page","link":"https:\/\/www.sigam.it\/fr\/machines-industrielles\/","title":{"rendered":"MACHINES INDUSTRIELLES"},"content":{"rendered":"<div class=\"wpb-content-wrapper\"><p>[vc_row full_width=\u00a0\u00bbstretch_row\u00a0\u00bb content_placement=\u00a0\u00bbmiddle\u00a0\u00bb css=\u00a0\u00bb.vc_custom_1562678444159{margin-bottom: 0px !important;border-bottom-width: 0px !important;padding-top: 3% !important;padding-bottom: 0px !important;background: #ededed url(https:\/\/www.sigam.it\/wp-content\/uploads\/2019\/03\/fondo_gear02.png?id=128) !important;background-position: center !important;background-repeat: no-repeat !important;background-size: cover !important;}\u00a0\u00bb][vc_column][vc_row_inner css=\u00a0\u00bb.vc_custom_1553093592040{margin-bottom: 0px !important;border-bottom-width: 0px !important;padding-bottom: 0px !important;}\u00a0\u00bb][vc_column_inner width=\u00a0\u00bb1\/2&Prime;][vc_custom_heading text=\u00a0\u00bbCONCEPTION ET D\u00c9VELOPPEMENT DE L&rsquo;OEM\u00a0\u00bb font_container=\u00a0\u00bbtag:h2|font_size:30|text_align:left|color:%23113247&Prime; google_fonts=\u00a0\u00bbfont_family:Montserrat%3Aregular%2C700|font_style:700%20bold%20regular%3A700%3Anormal\u00a0\u00bb][vc_column_text]Le secteur dans lequel op\u00e8re <strong><em>Sigam Marmitte<\/em><\/strong> est la production de syst\u00e8mes d&rsquo;\u00e9chappement destin\u00e9s \u00e0 \u00e9quiper des machines industrielles de tout type construites selon les solutions technologiques les plus avanc\u00e9es et les plus r\u00e9volutionnaires dans le respect des r\u00e9glementations \u00e9cologiques les plus strictes.<\/p>\n<p><strong>Sigam<\/strong> est responsable de la production de l&rsquo;ensemble du syst\u00e8me d&rsquo;\u00e9chappement des moteurs thermiques pour les industries:<\/p>\n<ul>\n<li><strong>Silencieux<br \/>\n<\/strong><\/li>\n<li><strong>Catalyseur<br \/>\n<\/strong><\/li>\n<li><strong>Tuyaux<br \/>\n<\/strong><\/li>\n<li><strong>Isolation<\/strong><\/li>\n<\/ul>\n<p>[\/vc_column_text][\/vc_column_inner][vc_column_inner width=\u00a0\u00bb1\/2&Prime;][vc_single_image image=\u00a0\u00bb2152&Prime; img_size=\u00a0\u00bbfull\u00a0\u00bb alignment=\u00a0\u00bbcenter\u00a0\u00bb][\/vc_column_inner][\/vc_row_inner][\/vc_column][\/vc_row][vc_row full_width=\u00a0\u00bbstretch_row\u00a0\u00bb css=\u00a0\u00bb.vc_custom_1553092982648{background-color: #071f30 !important;}\u00a0\u00bb][vc_column][vc_row_inner content_placement=\u00a0\u00bbmiddle\u00a0\u00bb css=\u00a0\u00bb.vc_custom_1553092395704{margin-bottom: 0px !important;}\u00a0\u00bb][vc_column_inner width=\u00a0\u00bb1\/3&Prime;][vc_single_image image=\u00a0\u00bb2141&Prime; img_size=\u00a0\u00bb377&#215;300&Prime; css=\u00a0\u00bb.vc_custom_1574249083922{margin-top: 40px !important;}\u00a0\u00bb][\/vc_column_inner][vc_column_inner width=\u00a0\u00bb2\/3&Prime;][vc_custom_heading text=\u00a0\u00bbPROGETTAZIONE E SVILUPPO OEM\u00a0\u00bb font_container=\u00a0\u00bbtag:h2|font_size:30|text_align:left|color:%23ff0000&Prime; google_fonts=\u00a0\u00bbfont_family:Montserrat%3Aregular%2C700|font_style:700%20bold%20regular%3A700%3Anormal\u00a0\u00bb][vc_column_text el_class=\u00a0\u00bbchisiamo\u00a0\u00bb]La progettazione dei nostri <strong>impianti di scarico<\/strong> \u00e8 affidata alla quarantennale esperienza del nostro staff tecnico che provvede, attraverso un attento studio e l\u2019<strong>ausilio dei software pi\u00f9 moderni<\/strong>, a realizzare i prodotti partendo dalla scheda tecnica del motore di applicazione; procedendo con la valutazione di fattibilit\u00e0 e la scelta dei materiali idonei.<br \/>\nIl tutto per perseguire i migliori risultati tecnico-qualitativi.<\/p>\n<p><strong>Sigam<\/strong> \u00e8 costantemente aperta a nuove forme di cooperazione nell\u2019ambito della ricerca e sviluppo.<br \/>\nL&rsquo;obiettivo \u00e8 il miglioramento costante delle performances dei prodotti.<br \/>\nFiore all&rsquo;occhiello delle collaborazioni in corso sono le partnership con il <strong>DIME della Facolt\u00e0 di Ingegneria di Napoli<\/strong>\u00a0e con il <strong>CNR Istituto Motori<\/strong>: un vero valore aggiunto all&rsquo;esperienza .[\/vc_column_text][\/vc_column_inner][\/vc_row_inner][\/vc_column][\/vc_row][vc_row full_width=\u00a0\u00bbstretch_row\u00a0\u00bb css=\u00a0\u00bb.vc_custom_1556284757470{background-color: #dbdbdb !important;}\u00a0\u00bb][vc_column][vc_row_inner][vc_column_inner][vc_custom_heading text=\u00a0\u00bbDAL PROGETTO AL PRODOTTO\u00a0\u00bb font_container=\u00a0\u00bbtag:h2|font_size:35|text_align:center|color:%23113247&Prime; google_fonts=\u00a0\u00bbfont_family:Montserrat%3Aregular%2C700|font_style:400%20regular%3A400%3Anormal\u00a0\u00bb][vc_media_grid element_width=\u00a0\u00bb3&Prime; grid_id=\u00a0\u00bbvc_gid:1762948316985-097b27f37c2f9aff7677beb437cf15bc-10&Prime; include=\u00a0\u00bb816,817,818,812&Prime;][\/vc_column_inner][\/vc_row_inner][\/vc_column][\/vc_row][vc_row full_width=\u00a0\u00bbstretch_row\u00a0\u00bb css=\u00a0\u00bb.vc_custom_1558108836596{background: #dbdbdb url(https:\/\/www.sigam.it\/wp-content\/uploads\/2019\/05\/fondo-adv02.jpg?id=898) !important;background-position: center !important;background-repeat: no-repeat !important;background-size: cover !important;}\u00a0\u00bb][vc_column][vc_row_inner][vc_column_inner width=\u00a0\u00bb2\/3&Prime;][vc_custom_heading text=\u00a0\u00bbLES TECHNOLOGIES LES PLUS AVANC\u00c9ES EN MATI\u00c8RE TOUT EN RESPECTANT L&rsquo;ENVIRONNEMENT\u00a0\u00bb font_container=\u00a0\u00bbtag:h2|font_size:80|text_align:left|color:%238ed65c|line_height:1&Prime; google_fonts=\u00a0\u00bbfont_family:Montserrat%3Aregular%2C700|font_style:400%20regular%3A400%3Anormal\u00a0\u00bb][\/vc_column_inner][vc_column_inner width=\u00a0\u00bb1\/3&Prime;][vc_single_image image=\u00a0\u00bb2158&Prime; img_size=\u00a0\u00bbfull\u00a0\u00bb][\/vc_column_inner][\/vc_row_inner][\/vc_column][\/vc_row][vc_row full_width=\u00a0\u00bbstretch_row_content\u00a0\u00bb equal_height=\u00a0\u00bbyes\u00a0\u00bb content_placement=\u00a0\u00bbmiddle\u00a0\u00bb css=\u00a0\u00bb.vc_custom_1558020872649{background-color: #fcfcfc !important;}\u00a0\u00bb][vc_column width=\u00a0\u00bb1\/12&Prime;][\/vc_column][vc_column width=\u00a0\u00bb6\/12&Prime; css=\u00a0\u00bb.vc_custom_1553874200089{padding-top: 10% !important;padding-right: 10% !important;padding-bottom: 10% !important;padding-left: 10% !important;}\u00a0\u00bb][vc_custom_heading text=\u00a0\u00bbRECHERCHE\u00a0\u00bb font_container=\u00a0\u00bbtag:h2|font_size:35|text_align:left|color:%23102f43|line_height:0&Prime; google_fonts=\u00a0\u00bbfont_family:Montserrat%3Aregular%2C700|font_style:400%20regular%3A400%3Anormal\u00a0\u00bb][vc_custom_heading text=\u00a0\u00bbDE LA QUALIT\u00c9\u00a0\u00bb font_container=\u00a0\u00bbtag:h2|font_size:40|text_align:left|color:%23102f43&Prime; google_fonts=\u00a0\u00bbfont_family:Montserrat%3Aregular%2C700|font_style:700%20bold%20regular%3A700%3Anormal\u00a0\u00bb][vc_column_text css=\u00a0\u00bb.vc_custom_1579605773175{margin-bottom: 0px !important;}\u00a0\u00bb]La qualit\u00e9 reconnue des produits <em>Sigam<\/em> est le r\u00e9sultat d&rsquo;une analyse constante concernant les meilleures techniques de fabrication et les \u00e9laborations les plus avanc\u00e9es des techniques d&rsquo;amortissement \u00e9co-durable et de pliage.<\/p>\n<p>Les syst\u00e8mes d&rsquo;\u00e9chappement <em>Sigam<\/em> sont confi\u00e9s \u00e0 la technologie la plus avanc\u00e9e et \u00e0 l\u2019exp\u00e9rience de quarante ans de notre personnel technique qui, en collaboration avec le <em>DIME<\/em> de la Facult\u00e9 d&rsquo;Ing\u00e9nierie de Naples et le <em>CNR Istituto Motori<\/em>, d\u00e9veloppe constamment de nouvelles solutions de conception et \u00e9tudie l&rsquo;\u00e9volution des mat\u00e9riaux dans le but de choisir les plus adapt\u00e9s.[\/vc_column_text][\/vc_column][vc_column width=\u00a0\u00bb5\/12&Prime; css=\u00a0\u00bb.vc_custom_1553874205647{padding-left: 20px !important;background-color: #f2f2f2 !important;}\u00a0\u00bb][vc_single_image image=\u00a0\u00bb576&Prime; img_size=\u00a0\u00bb200&#215;89&Prime; onclick=\u00a0\u00bbcustom_link\u00a0\u00bb link=\u00a0\u00bbhttps:\/\/www.dime.unina.it\u00a0\u00bb][vc_single_image image=\u00a0\u00bb575&Prime; img_size=\u00a0\u00bb200&#215;89&Prime; onclick=\u00a0\u00bbcustom_link\u00a0\u00bb link=\u00a0\u00bbhttps:\/\/www.cnr.it\/sitocnr\/Iservizi\/Utilita\/Utilita.html\u00a0\u00bb][\/vc_column][\/vc_row][vc_row full_width=\u00a0\u00bbstretch_row\u00a0\u00bb content_placement=\u00a0\u00bbmiddle\u00a0\u00bb css=\u00a0\u00bb.vc_custom_1578571920940{background-image: url(https:\/\/www.sigam.it\/wp-content\/uploads\/2020\/01\/CTA02.jpg?id=1210) !important;background-position: center !important;background-repeat: no-repeat !important;background-size: cover !important;}\u00a0\u00bb][vc_column][vc_row_inner content_placement=\u00a0\u00bbmiddle\u00a0\u00bb css=\u00a0\u00bb.vc_custom_1553682284577{padding-top: 20px !important;}\u00a0\u00bb][vc_column_inner][vc_single_image image=\u00a0\u00bb380&Prime; img_size=\u00a0\u00bb40&#215;51&Prime; alignment=\u00a0\u00bbcenter\u00a0\u00bb css=\u00a0\u00bb.vc_custom_1553687770747{margin-bottom: 0px !important;border-bottom-width: 0px !important;padding-bottom: 0px !important;}\u00a0\u00bb][vc_custom_heading text=\u00a0\u00bbQualit\u00e9\u00a0\u00bb font_container=\u00a0\u00bbtag:h2|font_size:45|text_align:center|color:%23ffffff\u00a0\u00bb google_fonts=\u00a0\u00bbfont_family:Montserrat%3Aregular%2C700|font_style:700%20bold%20regular%3A700%3Anormal\u00a0\u00bb css=\u00a0\u00bb.vc_custom_1579605788882{margin-bottom: 20px !important;}\u00a0\u00bb][vc_custom_heading text=\u00a0\u00bbLe concept m\u00eame de qualit\u00e9 est le point de r\u00e9f\u00e9rence pour chaque personne qui travaille chez Sigam.<\/p>\n<p>Les tests techniques tels que le conditionnement, le vieillissement et les analyses phonom\u00e9triques permettent aux produits Sigam d&rsquo;\u00eatre homologu\u00e9s conform\u00e9ment aux r\u00e9glementations europ\u00e9ennes 96\/20\/CE les plus r\u00e9centes.<\/p>\n<p>L&rsquo;engagement quotidien et le d\u00e9vouement au travail favorisent une entreprise qui est absolument au point avec les syst\u00e8mes de gestion et d\u2019organisation d&rsquo;entreprise les plus modernes et qui &#8211; conform\u00e9ment aux derni\u00e8res r\u00e9glementations de l&rsquo;UE &#8211; attache une grande importance \u00e0 la qualit\u00e9 \u00e0 toutes les \u00e9tapes de la production, \u00e0 partir de l&rsquo;achat des mati\u00e8res premi\u00e8res jusqu\u2019\u00e0 la livraison des produits.\u00a0\u00bb font_container=\u00a0\u00bbtag:h2|font_size:14|text_align:center|color:%23ffffff|line_height:1.5&Prime; google_fonts=\u00a0\u00bbfont_family:Montserrat%3Aregular%2C700|font_style:400%20regular%3A400%3Anormal\u00a0\u00bb][vc_custom_heading text=\u00a0\u00bbPour ce faire, Sigam a obtenu les plus importantes Certifications de Qualit\u00e9 au fil du temps:\u00a0\u00bb font_container=\u00a0\u00bbtag:h2|font_size:14|text_align:center|color:%23ffffff\u00a0\u00bb google_fonts=\u00a0\u00bbfont_family:Montserrat%3Aregular%2C700|font_style:700%20bold%20regular%3A700%3Anormal\u00a0\u00bb][vc_custom_heading text=\u00a0\u00bbISO 9001:2015 &#8211; 14001:2015&Prime; font_container=\u00a0\u00bbtag:h2|font_size:14|text_align:center|color:%23ffffff\u00a0\u00bb google_fonts=\u00a0\u00bbfont_family:Montserrat%3Aregular%2C700|font_style:700%20bold%20regular%3A700%3Anormal\u00a0\u00bb][vc_empty_space][vc_media_grid element_width=\u00a0\u00bb3&Prime; item=\u00a0\u00bbmasonryMedia_Default\u00a0\u00bb css=\u00a0\u00bb\u00a0\u00bb grid_id=\u00a0\u00bbvc_gid:1762948317141-459ad32dddfaf8c70f6e0bc9e766c6a8-4&Prime; include=\u00a0\u00bb2177,2172,9919,9914&Prime;][\/vc_column_inner][\/vc_row_inner][\/vc_column][\/vc_row]<\/p>\n<\/div>","protected":false},"excerpt":{"rendered":"<p>[vc_row full_width=\u00a0\u00bbstretch_row\u00a0\u00bb content_placement=\u00a0\u00bbmiddle\u00a0\u00bb css=\u00a0\u00bb.vc_custom_1562678444159{margin-bottom: 0px !important;border-bottom-width: 0px !important;padding-top: 3% !important;padding-bottom: 0px !important;background: #ededed url(https:\/\/www.sigam.it\/wp-content\/uploads\/2019\/03\/fondo_gear02.png?id=128) !important;background-position: center !important;background-repeat: no-repeat !important;background-size: cover<span class=\"excerpt-hellip\"> [\u2026]<\/span><\/p>\n","protected":false},"author":1,"featured_media":0,"parent":0,"menu_order":0,"comment_status":"open","ping_status":"open","template":"","meta":{"footnotes":""},"class_list":["post-1356","page","type-page","status-publish","hentry"],"yoast_head":"<!-- This site is optimized with the Yoast SEO plugin v27.0 - https:\/\/yoast.com\/product\/yoast-seo-wordpress\/ -->\n<title>MACHINES INDUSTRIELLES - Sigam<\/title>\n<meta name=\"robots\" content=\"index, follow, max-snippet:-1, max-image-preview:large, max-video-preview:-1\" \/>\n<link rel=\"canonical\" href=\"https:\/\/www.sigam.it\/fr\/machines-industrielles\/\" \/>\n<meta property=\"og:locale\" content=\"fr_FR\" \/>\n<meta property=\"og:type\" content=\"article\" \/>\n<meta property=\"og:title\" content=\"MACHINES INDUSTRIELLES - Sigam\" \/>\n<meta property=\"og:description\" content=\"[vc_row full_width=\u00a0\u00bbstretch_row\u00a0\u00bb content_placement=\u00a0\u00bbmiddle\u00a0\u00bb css=\u00a0\u00bb.vc_custom_1562678444159{margin-bottom: 0px !important;border-bottom-width: 0px !important;padding-top: 3% !important;padding-bottom: 0px !important;background: #ededed url(https:\/\/www.sigam.it\/wp-content\/uploads\/2019\/03\/fondo_gear02.png?id=128) !important;background-position: center !important;background-repeat: no-repeat !important;background-size: cover [\u2026]\" \/>\n<meta property=\"og:url\" content=\"https:\/\/www.sigam.it\/fr\/machines-industrielles\/\" \/>\n<meta property=\"og:site_name\" content=\"Sigam\" \/>\n<meta property=\"article:modified_time\" content=\"2025-11-12T11:54:52+00:00\" \/>\n<meta name=\"twitter:card\" content=\"summary_large_image\" \/>\n<meta name=\"twitter:label1\" content=\"Dur\u00e9e de lecture estim\u00e9e\" \/>\n\t<meta name=\"twitter:data1\" content=\"6 minutes\" \/>\n<script type=\"application\/ld+json\" class=\"yoast-schema-graph\">{\"@context\":\"https:\/\/schema.org\",\"@graph\":[{\"@type\":\"WebPage\",\"@id\":\"https:\/\/www.sigam.it\/fr\/machines-industrielles\/\",\"url\":\"https:\/\/www.sigam.it\/fr\/machines-industrielles\/\",\"name\":\"MACHINES INDUSTRIELLES - Sigam\",\"isPartOf\":{\"@id\":\"https:\/\/www.sigam.it\/fr\/#website\"},\"datePublished\":\"2019-03-11T16:51:01+00:00\",\"dateModified\":\"2025-11-12T11:54:52+00:00\",\"breadcrumb\":{\"@id\":\"https:\/\/www.sigam.it\/fr\/machines-industrielles\/#breadcrumb\"},\"inLanguage\":\"fr-FR\",\"potentialAction\":[{\"@type\":\"ReadAction\",\"target\":[\"https:\/\/www.sigam.it\/fr\/machines-industrielles\/\"]}]},{\"@type\":\"BreadcrumbList\",\"@id\":\"https:\/\/www.sigam.it\/fr\/machines-industrielles\/#breadcrumb\",\"itemListElement\":[{\"@type\":\"ListItem\",\"position\":1,\"name\":\"Home\",\"item\":\"https:\/\/www.sigam.it\/fr\/\"},{\"@type\":\"ListItem\",\"position\":2,\"name\":\"MACHINES INDUSTRIELLES\"}]},{\"@type\":\"WebSite\",\"@id\":\"https:\/\/www.sigam.it\/fr\/#website\",\"url\":\"https:\/\/www.sigam.it\/fr\/\",\"name\":\"Sigam\",\"description\":\"Leader dei sistemi di Scarico\",\"potentialAction\":[{\"@type\":\"SearchAction\",\"target\":{\"@type\":\"EntryPoint\",\"urlTemplate\":\"https:\/\/www.sigam.it\/fr\/?s={search_term_string}\"},\"query-input\":{\"@type\":\"PropertyValueSpecification\",\"valueRequired\":true,\"valueName\":\"search_term_string\"}}],\"inLanguage\":\"fr-FR\"}]}<\/script>\n<!-- \/ Yoast SEO plugin. -->","yoast_head_json":{"title":"MACHINES INDUSTRIELLES - Sigam","robots":{"index":"index","follow":"follow","max-snippet":"max-snippet:-1","max-image-preview":"max-image-preview:large","max-video-preview":"max-video-preview:-1"},"canonical":"https:\/\/www.sigam.it\/fr\/machines-industrielles\/","og_locale":"fr_FR","og_type":"article","og_title":"MACHINES INDUSTRIELLES - Sigam","og_description":"[vc_row full_width=\u00a0\u00bbstretch_row\u00a0\u00bb content_placement=\u00a0\u00bbmiddle\u00a0\u00bb css=\u00a0\u00bb.vc_custom_1562678444159{margin-bottom: 0px !important;border-bottom-width: 0px !important;padding-top: 3% !important;padding-bottom: 0px !important;background: #ededed url(https:\/\/www.sigam.it\/wp-content\/uploads\/2019\/03\/fondo_gear02.png?id=128) !important;background-position: center !important;background-repeat: no-repeat !important;background-size: cover [\u2026]","og_url":"https:\/\/www.sigam.it\/fr\/machines-industrielles\/","og_site_name":"Sigam","article_modified_time":"2025-11-12T11:54:52+00:00","twitter_card":"summary_large_image","twitter_misc":{"Dur\u00e9e de lecture estim\u00e9e":"6 minutes"},"schema":{"@context":"https:\/\/schema.org","@graph":[{"@type":"WebPage","@id":"https:\/\/www.sigam.it\/fr\/machines-industrielles\/","url":"https:\/\/www.sigam.it\/fr\/machines-industrielles\/","name":"MACHINES INDUSTRIELLES - Sigam","isPartOf":{"@id":"https:\/\/www.sigam.it\/fr\/#website"},"datePublished":"2019-03-11T16:51:01+00:00","dateModified":"2025-11-12T11:54:52+00:00","breadcrumb":{"@id":"https:\/\/www.sigam.it\/fr\/machines-industrielles\/#breadcrumb"},"inLanguage":"fr-FR","potentialAction":[{"@type":"ReadAction","target":["https:\/\/www.sigam.it\/fr\/machines-industrielles\/"]}]},{"@type":"BreadcrumbList","@id":"https:\/\/www.sigam.it\/fr\/machines-industrielles\/#breadcrumb","itemListElement":[{"@type":"ListItem","position":1,"name":"Home","item":"https:\/\/www.sigam.it\/fr\/"},{"@type":"ListItem","position":2,"name":"MACHINES INDUSTRIELLES"}]},{"@type":"WebSite","@id":"https:\/\/www.sigam.it\/fr\/#website","url":"https:\/\/www.sigam.it\/fr\/","name":"Sigam","description":"Leader dei sistemi di Scarico","potentialAction":[{"@type":"SearchAction","target":{"@type":"EntryPoint","urlTemplate":"https:\/\/www.sigam.it\/fr\/?s={search_term_string}"},"query-input":{"@type":"PropertyValueSpecification","valueRequired":true,"valueName":"search_term_string"}}],"inLanguage":"fr-FR"}]}},"_links":{"self":[{"href":"https:\/\/www.sigam.it\/fr\/wp-json\/wp\/v2\/pages\/1356","targetHints":{"allow":["GET"]}}],"collection":[{"href":"https:\/\/www.sigam.it\/fr\/wp-json\/wp\/v2\/pages"}],"about":[{"href":"https:\/\/www.sigam.it\/fr\/wp-json\/wp\/v2\/types\/page"}],"author":[{"embeddable":true,"href":"https:\/\/www.sigam.it\/fr\/wp-json\/wp\/v2\/users\/1"}],"replies":[{"embeddable":true,"href":"https:\/\/www.sigam.it\/fr\/wp-json\/wp\/v2\/comments?post=1356"}],"version-history":[{"count":2,"href":"https:\/\/www.sigam.it\/fr\/wp-json\/wp\/v2\/pages\/1356\/revisions"}],"predecessor-version":[{"id":9925,"href":"https:\/\/www.sigam.it\/fr\/wp-json\/wp\/v2\/pages\/1356\/revisions\/9925"}],"wp:attachment":[{"href":"https:\/\/www.sigam.it\/fr\/wp-json\/wp\/v2\/media?parent=1356"}],"curies":[{"name":"wp","href":"https:\/\/api.w.org\/{rel}","templated":true}]}}