{"id":1318,"date":"2020-01-10T09:48:24","date_gmt":"2020-01-10T08:48:24","guid":{"rendered":"https:\/\/www.sigam.it\/automotive\/"},"modified":"2026-01-26T19:04:24","modified_gmt":"2026-01-26T18:04:24","slug":"secteur-automotive","status":"publish","type":"page","link":"https:\/\/www.sigam.it\/fr\/secteur-automotive\/","title":{"rendered":"AUTOMOTIVE"},"content":{"rendered":"<div class=\"wpb-content-wrapper\"><p>[vc_row full_width=\u00a0\u00bbstretch_row\u00a0\u00bb equal_height=\u00a0\u00bbyes\u00a0\u00bb content_placement=\u00a0\u00bbbottom\u00a0\u00bb disable_element=\u00a0\u00bbyes\u00a0\u00bb css=\u00a0\u00bb.vc_custom_1576575799898{padding-top: 200px !important;padding-bottom: 80px !important;background-image: url(https:\/\/www.sigam.it\/wp-content\/uploads\/2019\/10\/automotive08.jpg?id=1017) !important;background-position: center !important;background-repeat: no-repeat !important;background-size: cover !important;}\u00a0\u00bb][vc_column offset=\u00a0\u00bbvc_hidden-sm vc_hidden-xs\u00a0\u00bb][vc_custom_heading text=\u00a0\u00bbUN SISTEMA VITALE PER LA TUA VETTURA\u00a0\u00bb font_container=\u00a0\u00bbtag:h1|font_size:35|text_align:center|color:%23ffffff|line_height:1&Prime; google_fonts=\u00a0\u00bbfont_family:Montserrat%3Aregular%2C700|font_style:700%20bold%20regular%3A700%3Anormal\u00a0\u00bb][\/vc_column][\/vc_row][vc_row full_width=\u00a0\u00bbstretch_row\u00a0\u00bb equal_height=\u00a0\u00bbyes\u00a0\u00bb css=\u00a0\u00bb.vc_custom_1556121477096{padding-top: 15px !important;padding-bottom: 15px !important;background-position: center !important;background-repeat: no-repeat !important;background-size: cover !important;}\u00a0\u00bb][vc_column][vc_column_text]<em>Sigam<\/em> est un leader italien quant \u00e0 la production des syst\u00e8mes d&rsquo;\u00e9chappement pour le monde des automobiles et un point de r\u00e9f\u00e9rence europ\u00e9en pour ceux qui veulent remplacer des silencieux, des FAP ou des pi\u00e8ces d&rsquo;assemblage pour tout type de v\u00e9hicule. Intervenir sur le syst\u00e8me d&rsquo;\u00e9chappement aujourd&rsquo;hui, c&rsquo;est pr\u00e9server tout un syst\u00e8me complexe comme celui de la voiture contemporaine, dont chaque partie est interconnect\u00e9e avec les autres.<\/p>\n<p>C&rsquo;est pourquoi <em>Sigam<\/em> s&rsquo;int\u00e9resse de fa\u00e7on maniaque \u00e0 la production de chaque pi\u00e8ce d\u2019un syst\u00e8me d&rsquo;\u00e9chappement:<\/p>\n<ul>\n<li><strong>Silencieux <\/strong><\/li>\n<li><strong>Catalyseur <\/strong><\/li>\n<li><strong>Tuyaux <\/strong><\/li>\n<li><strong>Isolation <\/strong><\/li>\n<\/ul>\n<p>[\/vc_column_text][\/vc_column][\/vc_row][vc_row full_width=\u00a0\u00bbstretch_row\u00a0\u00bb equal_height=\u00a0\u00bbyes\u00a0\u00bb content_placement=\u00a0\u00bbmiddle\u00a0\u00bb css=\u00a0\u00bb.vc_custom_1570025728447{background-color: #e5e5e5 !important;}\u00a0\u00bb][vc_column width=\u00a0\u00bb1\/3&Prime;][vc_single_image image=\u00a0\u00bb1341&Prime; img_size=\u00a0\u00bbfull\u00a0\u00bb alignment=\u00a0\u00bbcenter\u00a0\u00bb css_animation=\u00a0\u00bbfadeIn\u00a0\u00bb][\/vc_column][vc_column width=\u00a0\u00bb2\/3&Prime; css=\u00a0\u00bb.vc_custom_1568793723518{padding-top: 40px !important;}\u00a0\u00bb][vc_custom_heading text=\u00a0\u00bbSilencieux\u00a0\u00bb font_container=\u00a0\u00bbtag:h1|font_size:30|text_align:left|color:%234c4c4c\u00a0\u00bb google_fonts=\u00a0\u00bbfont_family:Montserrat%3Aregular%2C700|font_style:700%20bold%20regular%3A700%3Anormal\u00a0\u00bb css=\u00a0\u00bb.vc_custom_1579598567011{margin-top: 40px !important;}\u00a0\u00bb][vc_column_text]Le syst\u00e8me d&rsquo;\u00e9chappement est l&rsquo;une des parties n\u00e9vralgiques de tout v\u00e9hicule moderne, car il concerne les fonctions vitales de la voiture telles que l&rsquo;inactivation du son des moteurs, la r\u00e9duction des polluants, l&rsquo;optimisation du rendement des moteurs.<\/p>\n<p>Les quarante ans d&rsquo;exp\u00e9rience de<em> Sigam<\/em> dans la fabrication des syst\u00e8mes d&rsquo;\u00e9chappement &#8211; silencieux, catalyseurs et FAP &#8211; repr\u00e9sentent une r\u00e9f\u00e9rence internationale pour ceux qui doivent remplacer le silencieux de leur v\u00e9hicule. Aujourd&rsquo;hui, <em>Sigam<\/em> offre au secteur des pi\u00e8ces de rechange automobiles une tr\u00e8s large gamme de silencieux pour voitures et v\u00e9hicules utilitaires.<\/p>\n<p>L\u2019ensemble est ax\u00e9 sur\u00a0 la qualit\u00e9 des produits et le haut niveau du service associ\u00e9.[\/vc_column_text][\/vc_column][\/vc_row][vc_row full_width=\u00a0\u00bbstretch_row\u00a0\u00bb equal_height=\u00a0\u00bbyes\u00a0\u00bb css=\u00a0\u00bb.vc_custom_1570025812079{background-color: #7fd2da !important;}\u00a0\u00bb][vc_column width=\u00a0\u00bb2\/3&Prime;][vc_custom_heading text=\u00a0\u00bbCatalyseurs et RCS\u00a0\u00bb font_container=\u00a0\u00bbtag:h1|font_size:30|text_align:left|color:%234c4c4c\u00a0\u00bb google_fonts=\u00a0\u00bbfont_family:Montserrat%3Aregular%2C700|font_style:700%20bold%20regular%3A700%3Anormal\u00a0\u00bb][vc_column_text]Le catalyseur est un dispositif anti-pollution fondamental. Il s&rsquo;agit d&rsquo;un des composants les plus importants du syst\u00e8me d&rsquo;\u00e9chappement car il permet de r\u00e9duire constamment les \u00e9missions et il est utile pour le bon fonctionnement des autres composants.<\/p>\n<p>Le catalyseur contient un noyau rev\u00eatu de m\u00e9taux nobles, qui convertit les gaz toxiques de la combustion, les hydrocarbures (HC), les oxydes d&rsquo;azote (NO<sub>x<\/sub>) et le monoxyde de carbone (CO), les transformant gr\u00e2ce aux r\u00e9actions chimiques, en substances inoffensives dans l&rsquo;atmosph\u00e8re, et plus pr\u00e9cis\u00e9ment en vapeur d&rsquo;eau (H2O), en dioxyde de carbone (CO2) et en azote (N2).<\/p>\n<p>\u00c0 partir de l\u2019ann\u00e9e 2014, les v\u00e9hicules automobiles de nouvelle g\u00e9n\u00e9ration ont adopt\u00e9 le syst\u00e8me RCS (r\u00e9duction catalytique s\u00e9lective). Il s&rsquo;agit du syst\u00e8me de contr\u00f4le des \u00e9missions le plus avanc\u00e9 disponible aujourd&rsquo;hui. Son adoption est essentielle afin d\u2019atteindre les objectifs \u00e0 propos de l\u2019\u00e9mission requis par la norme europ\u00e9enne d&rsquo;\u00e9mission appel\u00e9e <em>EURO 6<\/em>.<\/p>\n<p>La RCS traite et r\u00e9duit les NOx dans les gaz d&rsquo;\u00e9chappement en les transformant en azote (N), en vapeur d&rsquo;eau (H20) et en petites quantit\u00e9s de CO2, en utilisant des compos\u00e9s d&rsquo;ur\u00e9e (AdBlue &#8211; solution aqueuse d&rsquo;ur\u00e9e compos\u00e9e de 32,5 % d&rsquo;ur\u00e9e pure et de 67,5 % d&rsquo;eau d\u00e9min\u00e9ralis\u00e9e).<br \/>\nNotre large gamme de pots catalytiques et de RCS, tous homologu\u00e9s, couvre la majeure partie du parc automobile europ\u00e9en et asiatique et a \u00e9t\u00e9 d\u00e9velopp\u00e9e en tenant compte des caract\u00e9ristiques de chaque label et mod\u00e8le de voiture. Les performances environnementales sont identiques \u00e0 celles des produits <em>OEM \/ OES <\/em>(en fran\u00e7ais: services d\u2019\u00e9quipement d\u2019origine) et il s\u2019agit des performances les plus \u00e9lev\u00e9es sur le march\u00e9 des pi\u00e8ces de rechange ind\u00e9pendantes, garantissant la conformit\u00e9 \u00e0 toutes les exigences l\u00e9gales applicables.[\/vc_column_text][\/vc_column][vc_column width=\u00a0\u00bb1\/3&Prime;][vc_single_image image=\u00a0\u00bb1340&Prime; img_size=\u00a0\u00bbfull\u00a0\u00bb alignment=\u00a0\u00bbcenter\u00a0\u00bb css_animation=\u00a0\u00bbfadeIn\u00a0\u00bb][\/vc_column][\/vc_row][vc_row full_width=\u00a0\u00bbstretch_row\u00a0\u00bb equal_height=\u00a0\u00bbyes\u00a0\u00bb][vc_column width=\u00a0\u00bb1\/3&Prime;][vc_single_image image=\u00a0\u00bb1348&Prime; img_size=\u00a0\u00bbfull\u00a0\u00bb alignment=\u00a0\u00bbcenter\u00a0\u00bb css_animation=\u00a0\u00bbfadeIn\u00a0\u00bb][\/vc_column][vc_column width=\u00a0\u00bb2\/3&Prime;][vc_custom_heading text=\u00a0\u00bbFAP\u00a0\u00bb font_container=\u00a0\u00bbtag:h1|font_size:30|text_align:left|color:%234c4c4c\u00a0\u00bb google_fonts=\u00a0\u00bbfont_family:Montserrat%3Aregular%2C700|font_style:700%20bold%20regular%3A700%3Anormal\u00a0\u00bb][vc_column_text]Le filtre \u00e0 particules est un dispositif anti-pollution qui retient les particules solides cr\u00e9\u00e9es par une combustion incompl\u00e8te dans les moteurs. Ces particules, aussi appel\u00e9es nanoparticules, sont extr\u00eamement nocives pour l&rsquo;homme et l&rsquo;environnement.<\/p>\n<p>\u00c0 l\u2019origine, les filtres \u00e0 particules ont \u00e9t\u00e9 con\u00e7us exclusivement pour les v\u00e9hicules \u00e0 moteur diesel.<\/p>\n<p>Cependant, il est maintenant possible de trouver aussi des filtres \u00e0 particules dans les v\u00e9hicules \u00e0 essence, en raison de la n\u00e9cessit\u00e9 croissante de r\u00e9duire les \u00e9missions de gaz polluants.<br \/>\nNotre gamme de filtres \u00e0 particules est enti\u00e8rement homologu\u00e9e et chaque produit est d\u00e9velopp\u00e9 en tenant compte des caract\u00e9ristiques de chaque label et mod\u00e8le de voiture. Les filtres \u00e0 particules <em>SIGAM<\/em> en carbure de silicium (SiC) ou en cordi\u00e9rite, garantissent des performances environnementales et fonctionnelles qui sont largement reconnues sur le march\u00e9 de la rechange ind\u00e9pendante, distinct des r\u00e9glementations en mati\u00e8re en vigueur.[\/vc_column_text][\/vc_column][\/vc_row][vc_row full_width=\u00a0\u00bbstretch_row\u00a0\u00bb equal_height=\u00a0\u00bbyes\u00a0\u00bb content_placement=\u00a0\u00bbmiddle\u00a0\u00bb css=\u00a0\u00bb.vc_custom_1568731389902{background-color: #5b5a60 !important;}\u00a0\u00bb][vc_column width=\u00a0\u00bb2\/3&Prime; css=\u00a0\u00bb.vc_custom_1568793723518{padding-top: 40px !important;}\u00a0\u00bb][vc_custom_heading text=\u00a0\u00bbPi\u00e8ces d&rsquo;Assemblage\u00a0\u00bb font_container=\u00a0\u00bbtag:h1|font_size:30|text_align:left|color:%23f3f3f3&Prime; google_fonts=\u00a0\u00bbfont_family:Montserrat%3Aregular%2C700|font_style:700%20bold%20regular%3A700%3Anormal\u00a0\u00bb css=\u00a0\u00bb.vc_custom_1579598680772{margin-top: 40px !important;}\u00a0\u00bb][vc_column_text]<\/p>\n<p style=\"color: #ffffff;\">Nos pi\u00e8ces d&rsquo;assemblage sont des \u00e9l\u00e9ments importants qui assurent le bon assemblage et la durabilit\u00e9 des diff\u00e9rents composants du syst\u00e8me d&rsquo;\u00e9chappement. Chez SIGAM, nous disposons d&rsquo;une large gamme d&rsquo;accessoires qui couvrent tous les besoins pour une installation correcte et appropri\u00e9e du syst\u00e8me d&rsquo;\u00e9chappement.<\/p>\n<p>[\/vc_column_text][\/vc_column][vc_column width=\u00a0\u00bb1\/3&Prime;][vc_single_image image=\u00a0\u00bb1346&Prime; img_size=\u00a0\u00bbfull\u00a0\u00bb alignment=\u00a0\u00bbcenter\u00a0\u00bb css_animation=\u00a0\u00bbfadeIn\u00a0\u00bb][\/vc_column][\/vc_row][vc_row full_width=\u00a0\u00bbstretch_row\u00a0\u00bb equal_height=\u00a0\u00bbyes\u00a0\u00bb css=\u00a0\u00bb.vc_custom_1562664226981{background: #5b5a60 url(https:\/\/www.sigam.it\/wp-content\/uploads\/2019\/03\/qualityfondo.jpg?id=391) !important;}\u00a0\u00bb][vc_column width=\u00a0\u00bb3\/4&Prime;][vc_custom_heading text=\u00a0\u00bbHomologations\u00a0\u00bb font_container=\u00a0\u00bbtag:h1|font_size:30|text_align:left|color:%23f3f3f3&Prime; google_fonts=\u00a0\u00bbfont_family:Montserrat%3Aregular%2C700|font_style:700%20bold%20regular%3A700%3Anormal\u00a0\u00bb][vc_column_text]<\/p>\n<p style=\"text-align: left; color: #ffffff;\">Le concept m\u00eame de qualit\u00e9 est le point de r\u00e9f\u00e9rence pour chaque personne qui travaille chez <strong>Sigam<\/strong>.<\/p>\n<p style=\"text-align: left; color: #ffffff;\">Les tests techniques tels que le conditionnement, le vieillissement et les analyses phonom\u00e9triques permettent aux produits Sigam d&rsquo;\u00eatre homologu\u00e9s conform\u00e9ment aux r\u00e9glementations europ\u00e9ennes 96\/20\/CE les plus r\u00e9centes.<\/p>\n<p>[\/vc_column_text][\/vc_column][vc_column width=\u00a0\u00bb1\/4&Prime;][vc_masonry_media_grid element_width=\u00a0\u00bb6&Prime; grid_id=\u00a0\u00bbvc_gid:1769450272816-c571cbff679afe0fd184601d0275e567-2&Prime; include=\u00a0\u00bb636,631&Prime;][\/vc_column][\/vc_row][vc_row full_width=\u00a0\u00bbstretch_row\u00a0\u00bb equal_height=\u00a0\u00bbyes\u00a0\u00bb css=\u00a0\u00bb.vc_custom_1556110578009{background-color: #f2f2f2 !important;}\u00a0\u00bb][vc_column width=\u00a0\u00bb1\/2&Prime;][vc_single_image image=\u00a0\u00bb1367&Prime; img_size=\u00a0\u00bbfull\u00a0\u00bb alignment=\u00a0\u00bbcenter\u00a0\u00bb css_animation=\u00a0\u00bbfadeIn\u00a0\u00bb css=\u00a0\u00bb.vc_custom_1556528141970{margin-top: 0px !important;margin-bottom: 0px !important;border-top-width: 0px !important;border-bottom-width: 0px !important;padding-top: 0px !important;padding-bottom: 0px !important;}\u00a0\u00bb][vc_btn title=\u00a0\u00bbConsultez le Catalogue\u00a0\u00bb style=\u00a0\u00bbclassic\u00a0\u00bb shape=\u00a0\u00bbsquare\u00a0\u00bb color=\u00a0\u00bbjuicy-pink\u00a0\u00bb align=\u00a0\u00bbcenter\u00a0\u00bb button_block=\u00a0\u00bbtrue\u00a0\u00bb link=\u00a0\u00bburl:http%3A%2F%2Fcatalogo.sigam.it%2Fhome||target:%20_blank|\u00a0\u00bb][\/vc_column][vc_column width=\u00a0\u00bb1\/2&Prime;][vc_single_image image=\u00a0\u00bb2356&Prime; img_size=\u00a0\u00bbfull\u00a0\u00bb alignment=\u00a0\u00bbcenter\u00a0\u00bb css_animation=\u00a0\u00bbfadeIn\u00a0\u00bb css=\u00a0\u00bb.vc_custom_1632148396881{margin-bottom: 0px !important;border-bottom-width: 0px !important;padding-bottom: 0px !important;}\u00a0\u00bb][vc_btn title=\u00a0\u00bbConsultez le Catalogue\u00a0\u00bb style=\u00a0\u00bbclassic\u00a0\u00bb shape=\u00a0\u00bbsquare\u00a0\u00bb color=\u00a0\u00bbjuicy-pink\u00a0\u00bb align=\u00a0\u00bbcenter\u00a0\u00bb css=\u00a0\u00bb.vc_custom_1769450655556{margin-top: 0px !important;border-top-width: 0px !important;padding-top: 0px !important;}\u00a0\u00bb button_block=\u00a0\u00bbtrue\u00a0\u00bb custom_onclick=\u00a0\u00bbtrue\u00a0\u00bb custom_onclick_code=\u00a0\u00bbhttps:\/\/www.sigam.it\/wp-content\/uploads\/2019\/06\/Sijoint-2019.pdf\u00a0\u00bb link=\u00a0\u00bburl:https%3A%2F%2Fwww.sigam.it%2Fwp-content%2Fuploads%2F2026%2F01%2FCatalogo-Sigam-Racing-2026_web.pdf|target:_blank\u00a0\u00bb][\/vc_column][\/vc_row][vc_row full_width=\u00a0\u00bbstretch_row\u00a0\u00bb css=\u00a0\u00bb.vc_custom_1556119848992{background-color: #1f597e !important;}\u00a0\u00bb][vc_column][vc_row_inner css=\u00a0\u00bb.vc_custom_1558082375155{margin-top: 0px !important;margin-right: 0px !important;margin-bottom: 0px !important;margin-left: 0px !important;}\u00a0\u00bb][vc_column_inner width=\u00a0\u00bb1\/4&Prime;][vc_custom_heading text=\u00a0\u00bbNOUS SOMMES PR\u00c9SENTS EN:\u00a0\u00bb font_container=\u00a0\u00bbtag:h2|font_size:25|text_align:left|color:%23ffffff\u00a0\u00bb google_fonts=\u00a0\u00bbfont_family:Montserrat%3Aregular%2C700|font_style:400%20regular%3A400%3Anormal\u00a0\u00bb][\/vc_column_inner][vc_column_inner width=\u00a0\u00bb1\/4&Prime;][vc_single_image image=\u00a0\u00bb1335&Prime; img_size=\u00a0\u00bb196&#215;50&Prime; alignment=\u00a0\u00bbcenter\u00a0\u00bb css_animation=\u00a0\u00bbfadeInDown\u00a0\u00bb][\/vc_column_inner][vc_column_inner width=\u00a0\u00bb1\/4&Prime;][vc_single_image image=\u00a0\u00bb1338&Prime; img_size=\u00a0\u00bbfull\u00a0\u00bb alignment=\u00a0\u00bbcenter\u00a0\u00bb css_animation=\u00a0\u00bbfadeInDown\u00a0\u00bb][\/vc_column_inner][vc_column_inner width=\u00a0\u00bb1\/4&Prime;][vc_single_image image=\u00a0\u00bb1334&Prime; img_size=\u00a0\u00bb241&#215;50&Prime; alignment=\u00a0\u00bbcenter\u00a0\u00bb css_animation=\u00a0\u00bbfadeInDown\u00a0\u00bb][\/vc_column_inner][\/vc_row_inner][\/vc_column][\/vc_row][vc_row full_width=\u00a0\u00bbstretch_row\u00a0\u00bb content_placement=\u00a0\u00bbmiddle\u00a0\u00bb css=\u00a0\u00bb.vc_custom_1558082125060{padding-bottom: 30px !important;background: #e5010e url(https:\/\/www.sigam.it\/wp-content\/uploads\/2019\/05\/silenziatore_fondo_red.png?id=879) !important;}\u00a0\u00bb][vc_column width=\u00a0\u00bb5\/6&Prime;][vc_custom_heading text=\u00a0\u00bbACC\u00c9DEZ \u00c0 NOTRE E-COMMERCE\u00a0\u00bb font_container=\u00a0\u00bbtag:h2|font_size:40|text_align:left|color:%23ffffff\u00a0\u00bb google_fonts=\u00a0\u00bbfont_family:Montserrat%3Aregular%2C700|font_style:700%20bold%20regular%3A700%3Anormal\u00a0\u00bb link=\u00a0\u00bburl:%23||target:%20_blank|\u00a0\u00bb][\/vc_column][vc_column width=\u00a0\u00bb1\/6&Prime;][vc_btn title=\u00a0\u00bbCLIQUEZ ICI\u00a0\u00bb shape=\u00a0\u00bbsquare\u00a0\u00bb color=\u00a0\u00bbwhite\u00a0\u00bb size=\u00a0\u00bblg\u00a0\u00bb align=\u00a0\u00bbcenter\u00a0\u00bb css_animation=\u00a0\u00bbfadeInDown\u00a0\u00bb link=\u00a0\u00bburl:http%3A%2F%2Fecommerce.sigam.it%2Fcassiopea%2F||target:%20_blank|\u00a0\u00bb][\/vc_column][\/vc_row]<\/p>\n<\/div>","protected":false},"excerpt":{"rendered":"<p>[vc_row full_width=\u00a0\u00bbstretch_row\u00a0\u00bb equal_height=\u00a0\u00bbyes\u00a0\u00bb content_placement=\u00a0\u00bbbottom\u00a0\u00bb disable_element=\u00a0\u00bbyes\u00a0\u00bb css=\u00a0\u00bb.vc_custom_1576575799898{padding-top: 200px !important;padding-bottom: 80px !important;background-image: url(https:\/\/www.sigam.it\/wp-content\/uploads\/2019\/10\/automotive08.jpg?id=1017) !important;background-position: center !important;background-repeat: no-repeat !important;background-size: cover !important;}\u00a0\u00bb][vc_column offset=\u00a0\u00bbvc_hidden-sm vc_hidden-xs\u00a0\u00bb][vc_custom_heading<span class=\"excerpt-hellip\"> [\u2026]<\/span><\/p>\n","protected":false},"author":1,"featured_media":980,"parent":0,"menu_order":0,"comment_status":"open","ping_status":"open","template":"","meta":{"footnotes":""},"class_list":["post-1318","page","type-page","status-publish","has-post-thumbnail","hentry"],"yoast_head":"<!-- This site is optimized with the Yoast SEO plugin v27.0 - https:\/\/yoast.com\/product\/yoast-seo-wordpress\/ -->\n<title>AUTOMOTIVE - Sigam<\/title>\n<meta name=\"robots\" content=\"index, follow, max-snippet:-1, max-image-preview:large, max-video-preview:-1\" \/>\n<link rel=\"canonical\" href=\"https:\/\/www.sigam.it\/fr\/secteur-automotive\/\" \/>\n<meta property=\"og:locale\" content=\"fr_FR\" \/>\n<meta property=\"og:type\" content=\"article\" \/>\n<meta property=\"og:title\" content=\"AUTOMOTIVE - Sigam\" \/>\n<meta property=\"og:description\" content=\"[vc_row full_width=\u00a0\u00bbstretch_row\u00a0\u00bb equal_height=\u00a0\u00bbyes\u00a0\u00bb content_placement=\u00a0\u00bbbottom\u00a0\u00bb disable_element=\u00a0\u00bbyes\u00a0\u00bb css=\u00a0\u00bb.vc_custom_1576575799898{padding-top: 200px !important;padding-bottom: 80px !important;background-image: url(https:\/\/www.sigam.it\/wp-content\/uploads\/2019\/10\/automotive08.jpg?id=1017) !important;background-position: center !important;background-repeat: no-repeat !important;background-size: cover !important;}\u00a0\u00bb][vc_column offset=\u00a0\u00bbvc_hidden-sm vc_hidden-xs\u00a0\u00bb][vc_custom_heading [\u2026]\" \/>\n<meta property=\"og:url\" content=\"https:\/\/www.sigam.it\/fr\/secteur-automotive\/\" \/>\n<meta property=\"og:site_name\" content=\"Sigam\" \/>\n<meta property=\"article:modified_time\" content=\"2026-01-26T18:04:24+00:00\" \/>\n<meta property=\"og:image\" content=\"https:\/\/www.sigam.it\/wp-content\/uploads\/2019\/09\/automotive-sigam.jpg\" \/>\n\t<meta property=\"og:image:width\" content=\"3840\" \/>\n\t<meta property=\"og:image:height\" content=\"1116\" \/>\n\t<meta property=\"og:image:type\" content=\"image\/jpeg\" \/>\n<meta name=\"twitter:card\" content=\"summary_large_image\" \/>\n<meta name=\"twitter:label1\" content=\"Dur\u00e9e de lecture estim\u00e9e\" \/>\n\t<meta name=\"twitter:data1\" content=\"6 minutes\" \/>\n<script type=\"application\/ld+json\" class=\"yoast-schema-graph\">{\"@context\":\"https:\/\/schema.org\",\"@graph\":[{\"@type\":\"WebPage\",\"@id\":\"https:\/\/www.sigam.it\/fr\/secteur-automotive\/\",\"url\":\"https:\/\/www.sigam.it\/fr\/secteur-automotive\/\",\"name\":\"AUTOMOTIVE - Sigam\",\"isPartOf\":{\"@id\":\"https:\/\/www.sigam.it\/fr\/#website\"},\"primaryImageOfPage\":{\"@id\":\"https:\/\/www.sigam.it\/fr\/secteur-automotive\/#primaryimage\"},\"image\":{\"@id\":\"https:\/\/www.sigam.it\/fr\/secteur-automotive\/#primaryimage\"},\"thumbnailUrl\":\"https:\/\/www.sigam.it\/wp-content\/uploads\/2019\/09\/automotive-sigam.jpg\",\"datePublished\":\"2020-01-10T08:48:24+00:00\",\"dateModified\":\"2026-01-26T18:04:24+00:00\",\"breadcrumb\":{\"@id\":\"https:\/\/www.sigam.it\/fr\/secteur-automotive\/#breadcrumb\"},\"inLanguage\":\"fr-FR\",\"potentialAction\":[{\"@type\":\"ReadAction\",\"target\":[\"https:\/\/www.sigam.it\/fr\/secteur-automotive\/\"]}]},{\"@type\":\"ImageObject\",\"inLanguage\":\"fr-FR\",\"@id\":\"https:\/\/www.sigam.it\/fr\/secteur-automotive\/#primaryimage\",\"url\":\"https:\/\/www.sigam.it\/wp-content\/uploads\/2019\/09\/automotive-sigam.jpg\",\"contentUrl\":\"https:\/\/www.sigam.it\/wp-content\/uploads\/2019\/09\/automotive-sigam.jpg\",\"width\":3840,\"height\":1116},{\"@type\":\"BreadcrumbList\",\"@id\":\"https:\/\/www.sigam.it\/fr\/secteur-automotive\/#breadcrumb\",\"itemListElement\":[{\"@type\":\"ListItem\",\"position\":1,\"name\":\"Home\",\"item\":\"https:\/\/www.sigam.it\/fr\/\"},{\"@type\":\"ListItem\",\"position\":2,\"name\":\"AUTOMOTIVE\"}]},{\"@type\":\"WebSite\",\"@id\":\"https:\/\/www.sigam.it\/fr\/#website\",\"url\":\"https:\/\/www.sigam.it\/fr\/\",\"name\":\"Sigam\",\"description\":\"Leader dei sistemi di Scarico\",\"potentialAction\":[{\"@type\":\"SearchAction\",\"target\":{\"@type\":\"EntryPoint\",\"urlTemplate\":\"https:\/\/www.sigam.it\/fr\/?s={search_term_string}\"},\"query-input\":{\"@type\":\"PropertyValueSpecification\",\"valueRequired\":true,\"valueName\":\"search_term_string\"}}],\"inLanguage\":\"fr-FR\"}]}<\/script>\n<!-- \/ Yoast SEO plugin. -->","yoast_head_json":{"title":"AUTOMOTIVE - Sigam","robots":{"index":"index","follow":"follow","max-snippet":"max-snippet:-1","max-image-preview":"max-image-preview:large","max-video-preview":"max-video-preview:-1"},"canonical":"https:\/\/www.sigam.it\/fr\/secteur-automotive\/","og_locale":"fr_FR","og_type":"article","og_title":"AUTOMOTIVE - Sigam","og_description":"[vc_row full_width=\u00a0\u00bbstretch_row\u00a0\u00bb equal_height=\u00a0\u00bbyes\u00a0\u00bb content_placement=\u00a0\u00bbbottom\u00a0\u00bb disable_element=\u00a0\u00bbyes\u00a0\u00bb css=\u00a0\u00bb.vc_custom_1576575799898{padding-top: 200px !important;padding-bottom: 80px !important;background-image: url(https:\/\/www.sigam.it\/wp-content\/uploads\/2019\/10\/automotive08.jpg?id=1017) !important;background-position: center !important;background-repeat: no-repeat !important;background-size: cover !important;}\u00a0\u00bb][vc_column offset=\u00a0\u00bbvc_hidden-sm vc_hidden-xs\u00a0\u00bb][vc_custom_heading [\u2026]","og_url":"https:\/\/www.sigam.it\/fr\/secteur-automotive\/","og_site_name":"Sigam","article_modified_time":"2026-01-26T18:04:24+00:00","og_image":[{"width":3840,"height":1116,"url":"https:\/\/www.sigam.it\/wp-content\/uploads\/2019\/09\/automotive-sigam.jpg","type":"image\/jpeg"}],"twitter_card":"summary_large_image","twitter_misc":{"Dur\u00e9e de lecture estim\u00e9e":"6 minutes"},"schema":{"@context":"https:\/\/schema.org","@graph":[{"@type":"WebPage","@id":"https:\/\/www.sigam.it\/fr\/secteur-automotive\/","url":"https:\/\/www.sigam.it\/fr\/secteur-automotive\/","name":"AUTOMOTIVE - Sigam","isPartOf":{"@id":"https:\/\/www.sigam.it\/fr\/#website"},"primaryImageOfPage":{"@id":"https:\/\/www.sigam.it\/fr\/secteur-automotive\/#primaryimage"},"image":{"@id":"https:\/\/www.sigam.it\/fr\/secteur-automotive\/#primaryimage"},"thumbnailUrl":"https:\/\/www.sigam.it\/wp-content\/uploads\/2019\/09\/automotive-sigam.jpg","datePublished":"2020-01-10T08:48:24+00:00","dateModified":"2026-01-26T18:04:24+00:00","breadcrumb":{"@id":"https:\/\/www.sigam.it\/fr\/secteur-automotive\/#breadcrumb"},"inLanguage":"fr-FR","potentialAction":[{"@type":"ReadAction","target":["https:\/\/www.sigam.it\/fr\/secteur-automotive\/"]}]},{"@type":"ImageObject","inLanguage":"fr-FR","@id":"https:\/\/www.sigam.it\/fr\/secteur-automotive\/#primaryimage","url":"https:\/\/www.sigam.it\/wp-content\/uploads\/2019\/09\/automotive-sigam.jpg","contentUrl":"https:\/\/www.sigam.it\/wp-content\/uploads\/2019\/09\/automotive-sigam.jpg","width":3840,"height":1116},{"@type":"BreadcrumbList","@id":"https:\/\/www.sigam.it\/fr\/secteur-automotive\/#breadcrumb","itemListElement":[{"@type":"ListItem","position":1,"name":"Home","item":"https:\/\/www.sigam.it\/fr\/"},{"@type":"ListItem","position":2,"name":"AUTOMOTIVE"}]},{"@type":"WebSite","@id":"https:\/\/www.sigam.it\/fr\/#website","url":"https:\/\/www.sigam.it\/fr\/","name":"Sigam","description":"Leader dei sistemi di Scarico","potentialAction":[{"@type":"SearchAction","target":{"@type":"EntryPoint","urlTemplate":"https:\/\/www.sigam.it\/fr\/?s={search_term_string}"},"query-input":{"@type":"PropertyValueSpecification","valueRequired":true,"valueName":"search_term_string"}}],"inLanguage":"fr-FR"}]}},"_links":{"self":[{"href":"https:\/\/www.sigam.it\/fr\/wp-json\/wp\/v2\/pages\/1318","targetHints":{"allow":["GET"]}}],"collection":[{"href":"https:\/\/www.sigam.it\/fr\/wp-json\/wp\/v2\/pages"}],"about":[{"href":"https:\/\/www.sigam.it\/fr\/wp-json\/wp\/v2\/types\/page"}],"author":[{"embeddable":true,"href":"https:\/\/www.sigam.it\/fr\/wp-json\/wp\/v2\/users\/1"}],"replies":[{"embeddable":true,"href":"https:\/\/www.sigam.it\/fr\/wp-json\/wp\/v2\/comments?post=1318"}],"version-history":[{"count":5,"href":"https:\/\/www.sigam.it\/fr\/wp-json\/wp\/v2\/pages\/1318\/revisions"}],"predecessor-version":[{"id":10166,"href":"https:\/\/www.sigam.it\/fr\/wp-json\/wp\/v2\/pages\/1318\/revisions\/10166"}],"wp:featuredmedia":[{"embeddable":true,"href":"https:\/\/www.sigam.it\/fr\/wp-json\/wp\/v2\/media\/980"}],"wp:attachment":[{"href":"https:\/\/www.sigam.it\/fr\/wp-json\/wp\/v2\/media?parent=1318"}],"curies":[{"name":"wp","href":"https:\/\/api.w.org\/{rel}","templated":true}]}}