{"id":1466,"date":"2019-03-11T17:51:01","date_gmt":"2019-03-11T16:51:01","guid":{"rendered":"https:\/\/www.sigam.it\/machines-industrielles\/"},"modified":"2025-11-12T12:54:19","modified_gmt":"2025-11-12T11:54:19","slug":"maquinas-industriales","status":"publish","type":"page","link":"https:\/\/www.sigam.it\/es\/maquinas-industriales\/","title":{"rendered":"M\u00c1QUINAS INDUSTRIALES"},"content":{"rendered":"<div class=\"wpb-content-wrapper\"><p>[vc_row full_width=\u00bbstretch_row\u00bb content_placement=\u00bbmiddle\u00bb css=\u00bb.vc_custom_1562678444159{margin-bottom: 0px !important;border-bottom-width: 0px !important;padding-top: 3% !important;padding-bottom: 0px !important;background: #ededed url(https:\/\/www.sigam.it\/wp-content\/uploads\/2019\/03\/fondo_gear02.png?id=128) !important;background-position: center !important;background-repeat: no-repeat !important;background-size: cover !important;}\u00bb][vc_column][vc_row_inner css=\u00bb.vc_custom_1553093592040{margin-bottom: 0px !important;border-bottom-width: 0px !important;padding-bottom: 0px !important;}\u00bb][vc_column_inner width=\u00bb1\/2&#8243;][vc_custom_heading text=\u00bbCALIDAD CERTIFICADA OEM\u00bb font_container=\u00bbtag:h2|font_size:30|text_align:left|color:%23113247&#8243; google_fonts=\u00bbfont_family:Montserrat%3Aregular%2C700|font_style:700%20bold%20regular%3A700%3Anormal\u00bb][vc_column_text]El sector en el que opera <strong>Sigam Marmitte<\/strong> es el de la producci\u00f3n de sistemas de escape destinados a equipar m\u00e1quinas industriales de cualquier tipo construidas seg\u00fan las soluciones tecnol\u00f3gicas m\u00e1s avanzadas e innovadoras, en cumplimiento de las m\u00e1s estrictas normas ecol\u00f3gicas.<\/p>\n<p><strong>Sigam<\/strong> es responsable de la producci\u00f3n de todo el sistema de escape del motor t\u00e9rmico para la industria:<\/p>\n<ul>\n<li><strong>Silenciador<\/strong><\/li>\n<li><strong>Catalizador<\/strong><\/li>\n<li><strong>Tuber\u00edas<\/strong><\/li>\n<li><strong>Aislamiento<\/strong><\/li>\n<\/ul>\n<p>[\/vc_column_text][\/vc_column_inner][vc_column_inner width=\u00bb1\/2&#8243;][vc_single_image image=\u00bb2230&#8243; img_size=\u00bbfull\u00bb alignment=\u00bbcenter\u00bb][\/vc_column_inner][\/vc_row_inner][\/vc_column][\/vc_row][vc_row full_width=\u00bbstretch_row\u00bb css=\u00bb.vc_custom_1553092982648{background-color: #071f30 !important;}\u00bb][vc_column][vc_row_inner content_placement=\u00bbmiddle\u00bb css=\u00bb.vc_custom_1553092395704{margin-bottom: 0px !important;}\u00bb][vc_column_inner width=\u00bb1\/3&#8243;][vc_single_image image=\u00bb2219&#8243; img_size=\u00bb377&#215;300&#8243; css=\u00bb.vc_custom_1574249083922{margin-top: 40px !important;}\u00bb][\/vc_column_inner][vc_column_inner width=\u00bb2\/3&#8243;][vc_custom_heading text=\u00bbDISE\u00d1O Y DESARROLLO DE OEM\u00bb font_container=\u00bbtag:h2|font_size:30|text_align:left|color:%23ff0000&#8243; google_fonts=\u00bbfont_family:Montserrat%3Aregular%2C700|font_style:700%20bold%20regular%3A700%3Anormal\u00bb][vc_column_text el_class=\u00bbchisiamo\u00bb]El dise\u00f1o de nuestros <strong>sistemas de escape<\/strong> se conf\u00eda a los cuarenta a\u00f1os de experiencia de nuestro personal t\u00e9cnico que, a trav\u00e9s de un cuidadoso estudio y <strong>la ayuda del m\u00e1s moderno software<\/strong>, realiza los productos partiendo de la ficha t\u00e9cnica del motor de aplicaci\u00f3n; siguiendo con la evaluaci\u00f3n de la viabilidad y a la elecci\u00f3n de los materiales adecuados.<\/p>\n<p>Todo ello con el fin de buscar los mejores resultados t\u00e9cnico-cualitativos.<\/p>\n<p><em>Sigam<\/em> est\u00e1 constantemente abierta a nuevas formas de cooperaci\u00f3n en investigaci\u00f3n y desarrollo. El objetivo es la mejora constante del rendimiento del producto. Actualmente estamos orgullosos de disfrutar con las colaboraciones en curso, tanto con las Asociaciones Profesionales como con la <strong>DIME de la Facultad de Ingenier\u00eda de N\u00e1poles<\/strong> o el <strong>CNR Istituto Motori:<\/strong> todo un verdadero valor a\u00f1adido a la experiencia.[\/vc_column_text][\/vc_column_inner][\/vc_row_inner][\/vc_column][\/vc_row][vc_row full_width=\u00bbstretch_row\u00bb css=\u00bb.vc_custom_1556284757470{background-color: #dbdbdb !important;}\u00bb][vc_column][vc_row_inner][vc_column_inner][vc_custom_heading text=\u00bbDE PROYECTO A PRODUCTO\u00bb font_container=\u00bbtag:h2|font_size:35|text_align:center|color:%23113247&#8243; google_fonts=\u00bbfont_family:Montserrat%3Aregular%2C700|font_style:400%20regular%3A400%3Anormal\u00bb][vc_media_grid element_width=\u00bb3&#8243; grid_id=\u00bbvc_gid:1762948324950-d742ca506be64387b9e2121fed75a390-10&#8243; include=\u00bb2258,2253,2248,2243&#8243;][\/vc_column_inner][\/vc_row_inner][\/vc_column][\/vc_row][vc_row full_width=\u00bbstretch_row\u00bb css=\u00bb.vc_custom_1558108836596{background: #dbdbdb url(https:\/\/www.sigam.it\/wp-content\/uploads\/2019\/05\/fondo-adv02.jpg?id=898) !important;background-position: center !important;background-repeat: no-repeat !important;background-size: cover !important;}\u00bb][vc_column][vc_row_inner][vc_column_inner width=\u00bb2\/3&#8243;][vc_custom_heading text=\u00bbLAS TECNOLOG\u00cdAS M\u00c1S AVANZADAS EN MATERIA DE MEDIO AMBIENTE\u00bb font_container=\u00bbtag:h2|font_size:80|text_align:left|color:%238ed65c|line_height:1&#8243; google_fonts=\u00bbfont_family:Montserrat%3Aregular%2C700|font_style:400%20regular%3A400%3Anormal\u00bb][\/vc_column_inner][vc_column_inner width=\u00bb1\/3&#8243;][vc_single_image image=\u00bb2236&#8243; img_size=\u00bbfull\u00bb][\/vc_column_inner][\/vc_row_inner][\/vc_column][\/vc_row][vc_row full_width=\u00bbstretch_row_content\u00bb equal_height=\u00bbyes\u00bb content_placement=\u00bbmiddle\u00bb css=\u00bb.vc_custom_1558020872649{background-color: #fcfcfc !important;}\u00bb][vc_column width=\u00bb1\/12&#8243;][\/vc_column][vc_column width=\u00bb6\/12&#8243; css=\u00bb.vc_custom_1553874200089{padding-top: 10% !important;padding-right: 10% !important;padding-bottom: 10% !important;padding-left: 10% !important;}\u00bb][vc_custom_heading text=\u00bbINVESTIGACI\u00d3N\u00bb font_container=\u00bbtag:h2|font_size:35|text_align:left|color:%23102f43|line_height:0&#8243; google_fonts=\u00bbfont_family:Montserrat%3Aregular%2C700|font_style:400%20regular%3A400%3Anormal\u00bb][vc_custom_heading text=\u00bbEN CALIDAD\u00bb font_container=\u00bbtag:h2|font_size:40|text_align:left|color:%23102f43&#8243; google_fonts=\u00bbfont_family:Montserrat%3Aregular%2C700|font_style:700%20bold%20regular%3A700%3Anormal\u00bb][vc_column_text css=\u00bb.vc_custom_1584359711745{margin-bottom: 0px !important;}\u00bb]La reconocida calidad de los productos <em>Sigam<\/em> es el resultado de continuos estudios sobre las mejores t\u00e9cnicas de fabricaci\u00f3n y las aplicaciones m\u00e1s avanzadas de t\u00e9cnicas de silenciamiento y doblado eco-sostenibles.<\/p>\n<p>Los sistemas de escape <em>Sigam<\/em> se conf\u00edan a la tecnolog\u00eda m\u00e1s avanzada y a la experiencia de cuarenta a\u00f1os de nuestro personal t\u00e9cnico que, en colaboraci\u00f3n con el DIME de la Facultad de Ingenier\u00eda de N\u00e1poles y el CNR Istituto Motori, desarrolla constantemente nuevas soluciones de dise\u00f1o y estudia la evoluci\u00f3n de los materiales para la elecci\u00f3n de los m\u00e1s adecuados.[\/vc_column_text][\/vc_column][vc_column width=\u00bb5\/12&#8243; css=\u00bb.vc_custom_1553874205647{padding-left: 20px !important;background-color: #f2f2f2 !important;}\u00bb][vc_single_image image=\u00bb576&#8243; img_size=\u00bb200&#215;89&#8243; onclick=\u00bbcustom_link\u00bb link=\u00bbhttps:\/\/www.dime.unina.it\u00bb][vc_single_image image=\u00bb575&#8243; img_size=\u00bb200&#215;89&#8243; onclick=\u00bbcustom_link\u00bb link=\u00bbhttps:\/\/www.cnr.it\/sitocnr\/Iservizi\/Utilita\/Utilita.html\u00bb][\/vc_column][\/vc_row][vc_row full_width=\u00bbstretch_row\u00bb content_placement=\u00bbmiddle\u00bb css=\u00bb.vc_custom_1578571920940{background-image: url(https:\/\/www.sigam.it\/wp-content\/uploads\/2020\/01\/CTA02.jpg?id=1210) !important;background-position: center !important;background-repeat: no-repeat !important;background-size: cover !important;}\u00bb][vc_column][vc_row_inner content_placement=\u00bbmiddle\u00bb css=\u00bb.vc_custom_1553682284577{padding-top: 20px !important;}\u00bb][vc_column_inner][vc_single_image image=\u00bb380&#8243; img_size=\u00bb40&#215;51&#8243; alignment=\u00bbcenter\u00bb css=\u00bb.vc_custom_1553687770747{margin-bottom: 0px !important;border-bottom-width: 0px !important;padding-bottom: 0px !important;}\u00bb][vc_custom_heading text=\u00bbCalidad\u00bb font_container=\u00bbtag:h2|font_size:45|text_align:center|color:%23ffffff\u00bb google_fonts=\u00bbfont_family:Montserrat%3Aregular%2C700|font_style:700%20bold%20regular%3A700%3Anormal\u00bb css=\u00bb.vc_custom_1584359724269{margin-bottom: 20px !important;}\u00bb][vc_custom_heading text=\u00bbEl concepto mismo de calidad es el punto focal para todas las personas que trabajan en Sigam.<\/p>\n<p>Las pruebas t\u00e9cnicas como el acondicionamiento, el envejecimiento y las pruebas fonom\u00e9tricas permiten que los productos Sigam sean homologados de acuerdo con las m\u00e1s recientes normas europeas 96\/20\/CE.<\/p>\n<p>El compromiso y la dedicaci\u00f3n diaria al trabajo promueven una empresa que est\u00e1 absolutamente en sinton\u00eda con los m\u00e1s modernos sistemas de gesti\u00f3n y organizaci\u00f3n empresarial y que &#8211; de acuerdo con las \u00faltimas regulaciones de la UE &#8211; otorga gran importancia a la calidad en todas las etapas de la producci\u00f3n, desde la compra de materias primas hasta la entrega de las mercanc\u00edas.\u00bb font_container=\u00bbtag:h2|font_size:14|text_align:center|color:%23ffffff|line_height:1.5&#8243; google_fonts=\u00bbfont_family:Montserrat%3Aregular%2C700|font_style:400%20regular%3A400%3Anormal\u00bb][vc_custom_heading text=\u00bbA este respecto, Sigam ha obtenido las m\u00e1s importantes certificaciones de calidad con el paso del tiempo:\u00bb font_container=\u00bbtag:h2|font_size:14|text_align:center|color:%23ffffff\u00bb google_fonts=\u00bbfont_family:Montserrat%3Aregular%2C700|font_style:700%20bold%20regular%3A700%3Anormal\u00bb][vc_custom_heading text=\u00bbISO 9001:2015 &#8211; 14001:2015&#8243; font_container=\u00bbtag:h2|font_size:14|text_align:center|color:%23ffffff\u00bb google_fonts=\u00bbfont_family:Montserrat%3Aregular%2C700|font_style:700%20bold%20regular%3A700%3Anormal\u00bb][vc_empty_space][vc_media_grid element_width=\u00bb3&#8243; item=\u00bbmasonryMedia_Default\u00bb css=\u00bb\u00bb grid_id=\u00bbvc_gid:1762948325096-3204e3f55a36b8f0406fb47c6b358964-1&#8243; include=\u00bb2180,2175,9921,9916&#8243;][\/vc_column_inner][\/vc_row_inner][\/vc_column][\/vc_row]<\/p>\n<\/div>","protected":false},"excerpt":{"rendered":"<p>[vc_row full_width=\u00bbstretch_row\u00bb content_placement=\u00bbmiddle\u00bb css=\u00bb.vc_custom_1562678444159{margin-bottom: 0px !important;border-bottom-width: 0px !important;padding-top: 3% !important;padding-bottom: 0px !important;background: #ededed url(https:\/\/www.sigam.it\/wp-content\/uploads\/2019\/03\/fondo_gear02.png?id=128) !important;background-position: center !important;background-repeat: no-repeat !important;background-size: cover<span class=\"excerpt-hellip\"> [\u2026]<\/span><\/p>\n","protected":false},"author":1,"featured_media":0,"parent":0,"menu_order":0,"comment_status":"open","ping_status":"open","template":"","meta":{"footnotes":""},"class_list":["post-1466","page","type-page","status-publish","hentry"],"yoast_head":"<!-- This site is optimized with the Yoast SEO plugin v27.0 - https:\/\/yoast.com\/product\/yoast-seo-wordpress\/ -->\n<title>M\u00c1QUINAS INDUSTRIALES - Sigam<\/title>\n<meta name=\"robots\" content=\"index, follow, max-snippet:-1, max-image-preview:large, max-video-preview:-1\" \/>\n<link rel=\"canonical\" href=\"https:\/\/www.sigam.it\/es\/maquinas-industriales\/\" \/>\n<meta property=\"og:locale\" content=\"es_ES\" \/>\n<meta property=\"og:type\" content=\"article\" \/>\n<meta property=\"og:title\" content=\"M\u00c1QUINAS INDUSTRIALES - Sigam\" \/>\n<meta property=\"og:description\" content=\"[vc_row full_width=\u00bbstretch_row\u00bb content_placement=\u00bbmiddle\u00bb css=\u00bb.vc_custom_1562678444159{margin-bottom: 0px !important;border-bottom-width: 0px !important;padding-top: 3% !important;padding-bottom: 0px !important;background: #ededed url(https:\/\/www.sigam.it\/wp-content\/uploads\/2019\/03\/fondo_gear02.png?id=128) !important;background-position: center !important;background-repeat: no-repeat !important;background-size: cover [\u2026]\" \/>\n<meta property=\"og:url\" content=\"https:\/\/www.sigam.it\/es\/maquinas-industriales\/\" \/>\n<meta property=\"og:site_name\" content=\"Sigam\" \/>\n<meta property=\"article:modified_time\" content=\"2025-11-12T11:54:19+00:00\" \/>\n<meta name=\"twitter:card\" content=\"summary_large_image\" \/>\n<meta name=\"twitter:label1\" content=\"Tiempo de lectura\" \/>\n\t<meta name=\"twitter:data1\" content=\"6 minutos\" \/>\n<script type=\"application\/ld+json\" class=\"yoast-schema-graph\">{\"@context\":\"https:\/\/schema.org\",\"@graph\":[{\"@type\":\"WebPage\",\"@id\":\"https:\/\/www.sigam.it\/es\/maquinas-industriales\/\",\"url\":\"https:\/\/www.sigam.it\/es\/maquinas-industriales\/\",\"name\":\"M\u00c1QUINAS INDUSTRIALES - Sigam\",\"isPartOf\":{\"@id\":\"https:\/\/www.sigam.it\/es\/#website\"},\"datePublished\":\"2019-03-11T16:51:01+00:00\",\"dateModified\":\"2025-11-12T11:54:19+00:00\",\"breadcrumb\":{\"@id\":\"https:\/\/www.sigam.it\/es\/maquinas-industriales\/#breadcrumb\"},\"inLanguage\":\"es\",\"potentialAction\":[{\"@type\":\"ReadAction\",\"target\":[\"https:\/\/www.sigam.it\/es\/maquinas-industriales\/\"]}]},{\"@type\":\"BreadcrumbList\",\"@id\":\"https:\/\/www.sigam.it\/es\/maquinas-industriales\/#breadcrumb\",\"itemListElement\":[{\"@type\":\"ListItem\",\"position\":1,\"name\":\"Home\",\"item\":\"https:\/\/www.sigam.it\/es\/\"},{\"@type\":\"ListItem\",\"position\":2,\"name\":\"M\u00c1QUINAS INDUSTRIALES\"}]},{\"@type\":\"WebSite\",\"@id\":\"https:\/\/www.sigam.it\/es\/#website\",\"url\":\"https:\/\/www.sigam.it\/es\/\",\"name\":\"Sigam\",\"description\":\"Leader dei sistemi di Scarico\",\"potentialAction\":[{\"@type\":\"SearchAction\",\"target\":{\"@type\":\"EntryPoint\",\"urlTemplate\":\"https:\/\/www.sigam.it\/es\/?s={search_term_string}\"},\"query-input\":{\"@type\":\"PropertyValueSpecification\",\"valueRequired\":true,\"valueName\":\"search_term_string\"}}],\"inLanguage\":\"es\"}]}<\/script>\n<!-- \/ Yoast SEO plugin. -->","yoast_head_json":{"title":"M\u00c1QUINAS INDUSTRIALES - Sigam","robots":{"index":"index","follow":"follow","max-snippet":"max-snippet:-1","max-image-preview":"max-image-preview:large","max-video-preview":"max-video-preview:-1"},"canonical":"https:\/\/www.sigam.it\/es\/maquinas-industriales\/","og_locale":"es_ES","og_type":"article","og_title":"M\u00c1QUINAS INDUSTRIALES - Sigam","og_description":"[vc_row full_width=\u00bbstretch_row\u00bb content_placement=\u00bbmiddle\u00bb css=\u00bb.vc_custom_1562678444159{margin-bottom: 0px !important;border-bottom-width: 0px !important;padding-top: 3% !important;padding-bottom: 0px !important;background: #ededed url(https:\/\/www.sigam.it\/wp-content\/uploads\/2019\/03\/fondo_gear02.png?id=128) !important;background-position: center !important;background-repeat: no-repeat !important;background-size: cover [\u2026]","og_url":"https:\/\/www.sigam.it\/es\/maquinas-industriales\/","og_site_name":"Sigam","article_modified_time":"2025-11-12T11:54:19+00:00","twitter_card":"summary_large_image","twitter_misc":{"Tiempo de lectura":"6 minutos"},"schema":{"@context":"https:\/\/schema.org","@graph":[{"@type":"WebPage","@id":"https:\/\/www.sigam.it\/es\/maquinas-industriales\/","url":"https:\/\/www.sigam.it\/es\/maquinas-industriales\/","name":"M\u00c1QUINAS INDUSTRIALES - Sigam","isPartOf":{"@id":"https:\/\/www.sigam.it\/es\/#website"},"datePublished":"2019-03-11T16:51:01+00:00","dateModified":"2025-11-12T11:54:19+00:00","breadcrumb":{"@id":"https:\/\/www.sigam.it\/es\/maquinas-industriales\/#breadcrumb"},"inLanguage":"es","potentialAction":[{"@type":"ReadAction","target":["https:\/\/www.sigam.it\/es\/maquinas-industriales\/"]}]},{"@type":"BreadcrumbList","@id":"https:\/\/www.sigam.it\/es\/maquinas-industriales\/#breadcrumb","itemListElement":[{"@type":"ListItem","position":1,"name":"Home","item":"https:\/\/www.sigam.it\/es\/"},{"@type":"ListItem","position":2,"name":"M\u00c1QUINAS INDUSTRIALES"}]},{"@type":"WebSite","@id":"https:\/\/www.sigam.it\/es\/#website","url":"https:\/\/www.sigam.it\/es\/","name":"Sigam","description":"Leader dei sistemi di Scarico","potentialAction":[{"@type":"SearchAction","target":{"@type":"EntryPoint","urlTemplate":"https:\/\/www.sigam.it\/es\/?s={search_term_string}"},"query-input":{"@type":"PropertyValueSpecification","valueRequired":true,"valueName":"search_term_string"}}],"inLanguage":"es"}]}},"_links":{"self":[{"href":"https:\/\/www.sigam.it\/es\/wp-json\/wp\/v2\/pages\/1466","targetHints":{"allow":["GET"]}}],"collection":[{"href":"https:\/\/www.sigam.it\/es\/wp-json\/wp\/v2\/pages"}],"about":[{"href":"https:\/\/www.sigam.it\/es\/wp-json\/wp\/v2\/types\/page"}],"author":[{"embeddable":true,"href":"https:\/\/www.sigam.it\/es\/wp-json\/wp\/v2\/users\/1"}],"replies":[{"embeddable":true,"href":"https:\/\/www.sigam.it\/es\/wp-json\/wp\/v2\/comments?post=1466"}],"version-history":[{"count":2,"href":"https:\/\/www.sigam.it\/es\/wp-json\/wp\/v2\/pages\/1466\/revisions"}],"predecessor-version":[{"id":9924,"href":"https:\/\/www.sigam.it\/es\/wp-json\/wp\/v2\/pages\/1466\/revisions\/9924"}],"wp:attachment":[{"href":"https:\/\/www.sigam.it\/es\/wp-json\/wp\/v2\/media?parent=1466"}],"curies":[{"name":"wp","href":"https:\/\/api.w.org\/{rel}","templated":true}]}}