{"id":1980,"date":"2019-03-11T17:48:59","date_gmt":"2019-03-11T16:48:59","guid":{"rendered":"https:\/\/www.sigam.it\/automotive\/"},"modified":"2026-01-26T19:05:00","modified_gmt":"2026-01-26T18:05:00","slug":"automotive","status":"publish","type":"page","link":"https:\/\/www.sigam.it\/de\/automotive\/","title":{"rendered":"AUTOMOTIVE"},"content":{"rendered":"<div class=\"wpb-content-wrapper\"><p>[vc_row full_width=&#8220;stretch_row&#8220; equal_height=&#8220;yes&#8220; content_placement=&#8220;bottom&#8220; disable_element=&#8220;yes&#8220; css=&#8220;.vc_custom_1576575799898{padding-top: 200px !important;padding-bottom: 80px !important;background-image: url(https:\/\/www.sigam.it\/wp-content\/uploads\/2019\/10\/automotive08.jpg?id=1017) !important;background-position: center !important;background-repeat: no-repeat !important;background-size: cover !important;}&#8220;][vc_column offset=&#8220;vc_hidden-sm vc_hidden-xs&#8220;][vc_custom_heading text=&#8220;UN SISTEMA VITALE PER LA TUA VETTURA&#8220; font_container=&#8220;tag:h1|font_size:35|text_align:center|color:%23ffffff|line_height:1&#8243; google_fonts=&#8220;font_family:Montserrat%3Aregular%2C700|font_style:700%20bold%20regular%3A700%3Anormal&#8220;][\/vc_column][\/vc_row][vc_row full_width=&#8220;stretch_row&#8220; equal_height=&#8220;yes&#8220; css=&#8220;.vc_custom_1556121477096{padding-top: 15px !important;padding-bottom: 15px !important;background-position: center !important;background-repeat: no-repeat !important;background-size: cover !important;}&#8220;][vc_column][vc_column_text]<strong>Sigam ist der italienische Marktf\u00fchrer bei der Herstellung von Abgassystemen f\u00fcr die Automobilindustrie<\/strong> und ein europ\u00e4ischer Bezugspunkt f\u00fcr diejenigen, die Schalld\u00e4mpfer, DPF oder Montageteile f\u00fcr jeden Fahrzeugtyp ersetzen m\u00f6chten.<\/p>\n<p>In die Abgasanlage einzugreifen bedeutet heute, ein kompliziertes System wie das des modernen Autos zu erhalten, bei dem jedes Teil mit dem anderen verbunden ist.<\/p>\n<p>Aus diesem Grund ist Sigam wahnsinnig an der Herstellung aller Teile der Abgasanlage beteiligt:<\/p>\n<ul>\n<li><strong>Schalld\u00e4mpfer<\/strong><\/li>\n<li><strong>Katalysator<\/strong><\/li>\n<li><strong>Rohrleitungen<\/strong><\/li>\n<li><strong>Isolierung<\/strong><\/li>\n<\/ul>\n<p>[\/vc_column_text][\/vc_column][\/vc_row][vc_row full_width=&#8220;stretch_row&#8220; equal_height=&#8220;yes&#8220; content_placement=&#8220;middle&#8220; css=&#8220;.vc_custom_1570025728447{background-color: #e5e5e5 !important;}&#8220;][vc_column width=&#8220;1\/3&#8243;][vc_single_image image=&#8220;2002&#8243; img_size=&#8220;full&#8220; alignment=&#8220;center&#8220; css_animation=&#8220;fadeIn&#8220;][\/vc_column][vc_column width=&#8220;2\/3&#8243; css=&#8220;.vc_custom_1568793723518{padding-top: 40px !important;}&#8220;][vc_custom_heading text=&#8220;Schalld\u00e4mpfer&#8220; font_container=&#8220;tag:h1|font_size:30|text_align:left|color:%234c4c4c&#8220; google_fonts=&#8220;font_family:Montserrat%3Aregular%2C700|font_style:700%20bold%20regular%3A700%3Anormal&#8220; css=&#8220;.vc_custom_1584537002103{margin-top: 40px !important;}&#8220;][vc_column_text]Das Abgassystem ist einer der neuralgischen Teile eines modernen Fahrzeugs, da es f\u00fcr wichtige Funktionen des Autos wie das D\u00e4mpfen von Motoren, die Reduzierung von Schadstoffen und die Optimierung des Motorwirkungsgrades bestimmt ist.<\/p>\n<p>Sigams Erfahrung in der Herstellung von Abgassystemen &#8211; Schalld\u00e4mpfer, Katalysatoren und DPF &#8211; ist ein internationaler Bezugspunkt f\u00fcr diejenigen, die den Schalld\u00e4mpfer ihres Fahrzeugs ersetzen m\u00fcssen.<\/p>\n<p>Heute bietet Sigam der Automobil-Ersatzteilbranche ein sehr breites Angebot an Schalld\u00e4mpfern f\u00fcr Pkw und Nutzfahrzeuge.<\/p>\n<p>Alles basiert auf der Qualit\u00e4t des Produkts und dem damit verbundenen hohen Servicelevel.[\/vc_column_text][\/vc_column][\/vc_row][vc_row full_width=&#8220;stretch_row&#8220; equal_height=&#8220;yes&#8220; css=&#8220;.vc_custom_1570025812079{background-color: #7fd2da !important;}&#8220;][vc_column width=&#8220;2\/3&#8243;][vc_custom_heading text=&#8220;Katalysatoren und SCR&#8220; font_container=&#8220;tag:h1|font_size:30|text_align:left|color:%234c4c4c&#8220; google_fonts=&#8220;font_family:Montserrat%3Aregular%2C700|font_style:700%20bold%20regular%3A700%3Anormal&#8220;][vc_column_text]Der Katalysator ist ein grundlegendes Ger\u00e4t zur Vermeidung von Umweltverschmutzung. Es ist eine der wichtigsten Komponenten des Abgassystems, da es die Emissionen st\u00e4ndig reduziert und f\u00fcr die ordnungsgem\u00e4\u00dfe Funktion der anderen Komponenten von Nutzen ist.<\/p>\n<p>Dieses Ger\u00e4t enth\u00e4lt einen mit Metallen beschichteten Kern, der giftige Gase aus Verbrennung, Kohlenwasserstoffen (HC), Stickoxiden (NOx) und Kohlenmonoxid (CO) in Substanzen umwandelt, die f\u00fcr die Atmosph\u00e4re unsch\u00e4dlich sind, und zwar in Dampf (H2O), Kohlendioxid (CO2) und Stickstoff (N2).<\/p>\n<p>Ab 2014 haben Fahrzeuge der neuen Generation das SCR-System (Selective Catalytic Reduction) eingef\u00fchrt. Es ist das fortschrittlichste derzeit verf\u00fcgbare Emissionskontrollsystem und seine Einf\u00fchrung ist f\u00fcr die Erreichung der in der EURO 6-Gesetzgebung geforderten Emissionsziele von entscheidender Bedeutung.<\/p>\n<p>SCR behandelt und reduziert NOx im Abgas durch Umwandlung in Stickstoff (N), Wasserdampf (H20) und geringe Mengen CO2 unter Verwendung von Harnstoffverbindungen (AdBlue &#8211; eine w\u00e4ssrige Harnstoffl\u00f6sung bestehend aus 32, 5% reinem Harnstoff und 67,5% Entmineralisiertes Wasser).<\/p>\n<p>Unsere breite Palette an homologierten Katalysatoren und SCRs deckt den gr\u00f6\u00dften Teil der europ\u00e4ischen und asiatischen Flotte ab und wurde unter Ber\u00fccksichtigung der Spezifikationen der einzelnen Marken und Automodelle entwickelt. Die Umweltvertr\u00e4glichkeit ist mit OEM \/ OES-Produkten identisch und geh\u00f6rt zu den h\u00f6chsten im unabh\u00e4ngigen Ersatzteilmarkt, wodurch die Einhaltung aller geltenden gesetzlichen Anforderungen sichergestellt wird.[\/vc_column_text][\/vc_column][vc_column width=&#8220;1\/3&#8243;][vc_single_image image=&#8220;2001&#8243; img_size=&#8220;full&#8220; alignment=&#8220;center&#8220; css_animation=&#8220;fadeIn&#8220;][\/vc_column][\/vc_row][vc_row full_width=&#8220;stretch_row&#8220; equal_height=&#8220;yes&#8220;][vc_column width=&#8220;1\/3&#8243;][vc_single_image image=&#8220;2009&#8243; img_size=&#8220;full&#8220; alignment=&#8220;center&#8220; css_animation=&#8220;fadeIn&#8220;][\/vc_column][vc_column width=&#8220;2\/3&#8243;][vc_custom_heading text=&#8220;DPF&#8220; font_container=&#8220;tag:h1|font_size:30|text_align:left|color:%234c4c4c&#8220; google_fonts=&#8220;font_family:Montserrat%3Aregular%2C700|font_style:700%20bold%20regular%3A700%3Anormal&#8220;][vc_column_text]Der Dieselpartikelfilter ist ein Ger\u00e4t gegen Verschmutzung, das feste Partikel zur\u00fcckh\u00e4lt, die durch unvollst\u00e4ndige Verbrennung in Motoren entstehen. Diese Partikel, auch Nanopartikel genannt, sind f\u00fcr Mensch und Umwelt \u00e4u\u00dferst sch\u00e4dlich.<\/p>\n<p>Zun\u00e4chst wurden Partikelfilter ausschlie\u00dflich f\u00fcr Dieselfahrzeuge entwickelt.<\/p>\n<p>Mit der zunehmenden Notwendigkeit, die Schadgasemissionen zu reduzieren, ist es nun auch m\u00f6glich, Partikelfilter in Benzinfahrzeugen (GPF) zu finden.<\/p>\n<p>Unsere Auswahl an Partikelfiltern ist vollst\u00e4ndig homologiert und jedes Produkt wird unter Ber\u00fccksichtigung der Spezifikationen der einzelnen Automarken und Automodelle entwickelt. Die Partikelfilter von SIGAM aus Siliziumkarbid (SiC) oder Cordierit garantieren eine Umwelt- und Funktionsleistung, die auf dem After-Market-Markt unabh\u00e4ngig von den einschl\u00e4gigen Vorschriften weithin anerkannt ist.[\/vc_column_text][\/vc_column][\/vc_row][vc_row full_width=&#8220;stretch_row&#8220; equal_height=&#8220;yes&#8220; content_placement=&#8220;middle&#8220; css=&#8220;.vc_custom_1568731389902{background-color: #5b5a60 !important;}&#8220;][vc_column width=&#8220;2\/3&#8243; css=&#8220;.vc_custom_1568793723518{padding-top: 40px !important;}&#8220;][vc_custom_heading text=&#8220;Montageteil&#8220; font_container=&#8220;tag:h1|font_size:30|text_align:left|color:%23f3f3f3&#8243; google_fonts=&#8220;font_family:Montserrat%3Aregular%2C700|font_style:700%20bold%20regular%3A700%3Anormal&#8220; css=&#8220;.vc_custom_1584537076424{margin-top: 40px !important;}&#8220;][vc_column_text]<\/p>\n<p style=\"color: #ffffff;\">Unsere Montageteile sind wichtige Elemente, die die korrekte Montage und Lebensdauer der verschiedenen Komponenten der Abgasanlage gew\u00e4hrleisten.<br \/>\nBei SIGAM finden Sie eine breite Palette an Zubeh\u00f6r, dass alle Anforderungen f\u00fcr eine ordnungsgem\u00e4\u00dfe und korrekte Installation der Abgasanlage abdeckt.[\/vc_column_text][\/vc_column][vc_column width=&#8220;1\/3&#8243;][vc_single_image image=&#8220;2007&#8243; img_size=&#8220;full&#8220; alignment=&#8220;center&#8220; css_animation=&#8220;fadeIn&#8220;][\/vc_column][\/vc_row][vc_row full_width=&#8220;stretch_row&#8220; equal_height=&#8220;yes&#8220; css=&#8220;.vc_custom_1562664226981{background: #5b5a60 url(https:\/\/www.sigam.it\/wp-content\/uploads\/2019\/03\/qualityfondo.jpg?id=391) !important;}&#8220;][vc_column width=&#8220;3\/4&#8243;][vc_custom_heading text=&#8220;Zulassungen&#8220; font_container=&#8220;tag:h1|font_size:30|text_align:left|color:%23f3f3f3&#8243; google_fonts=&#8220;font_family:Montserrat%3Aregular%2C700|font_style:700%20bold%20regular%3A700%3Anormal&#8220;][vc_column_text]<\/p>\n<p style=\"text-align: left; color: #ffffff;\">Der Qualit\u00e4tsbegriff ist der Bezugspunkt f\u00fcr jede Person, die bei<strong> Sigam <\/strong>arbeitet.<\/p>\n<p style=\"text-align: left; color: #ffffff;\">Technische Tests wie Konditionierungs-, Alterungs- und Phonometrietests erm\u00f6glichen die Zulassung von Sigam-Produkten gem\u00e4\u00df den neuesten europ\u00e4ischen Vorschriften 96\/20\/EG.<\/p>\n<p>[\/vc_column_text][\/vc_column][vc_column width=&#8220;1\/4&#8243;][vc_masonry_media_grid element_width=&#8220;6&#8243; grid_id=&#8220;vc_gid:1769450283768-efa576fbad1752a52f06f46d41d58da2-2&#8243; include=&#8220;636,631&#8243;][\/vc_column][\/vc_row][vc_row full_width=&#8220;stretch_row&#8220; equal_height=&#8220;yes&#8220; css=&#8220;.vc_custom_1556110578009{background-color: #f2f2f2 !important;}&#8220;][vc_column width=&#8220;1\/2&#8243;][vc_single_image image=&#8220;2028&#8243; img_size=&#8220;full&#8220; alignment=&#8220;center&#8220; css_animation=&#8220;fadeIn&#8220; css=&#8220;.vc_custom_1556528141970{margin-top: 0px !important;margin-bottom: 0px !important;border-top-width: 0px !important;border-bottom-width: 0px !important;padding-top: 0px !important;padding-bottom: 0px !important;}&#8220;][vc_btn title=&#8220;St\u00f6bern Sie im Katalog&#8220; style=&#8220;classic&#8220; shape=&#8220;square&#8220; color=&#8220;juicy-pink&#8220; align=&#8220;center&#8220; button_block=&#8220;true&#8220; link=&#8220;url:http%3A%2F%2Fcatalogo.sigam.it%2Fhome||target:%20_blank|&#8220;][\/vc_column][vc_column width=&#8220;1\/2&#8243;][vc_single_image image=&#8220;2357&#8243; img_size=&#8220;full&#8220; alignment=&#8220;center&#8220; css_animation=&#8220;fadeIn&#8220; css=&#8220;.vc_custom_1632148471728{margin-bottom: 0px !important;border-bottom-width: 0px !important;padding-bottom: 0px !important;}&#8220;][vc_btn title=&#8220;St\u00f6bern Sie im Katalog&#8220; style=&#8220;classic&#8220; shape=&#8220;square&#8220; color=&#8220;juicy-pink&#8220; align=&#8220;center&#8220; css=&#8220;.vc_custom_1769450695343{margin-top: 0px !important;border-top-width: 0px !important;padding-top: 0px !important;}&#8220; button_block=&#8220;true&#8220; custom_onclick=&#8220;true&#8220; custom_onclick_code=&#8220;https:\/\/www.sigam.it\/wp-content\/uploads\/2019\/06\/Sijoint-2019.pdf&#8220; link=&#8220;url:https%3A%2F%2Fwww.sigam.it%2Fwp-content%2Fuploads%2F2026%2F01%2FCatalogo-Sigam-Racing-2026_web.pdf|target:_blank&#8220;][\/vc_column][\/vc_row][vc_row full_width=&#8220;stretch_row&#8220; css=&#8220;.vc_custom_1556119848992{background-color: #1f597e !important;}&#8220;][vc_column][vc_row_inner css=&#8220;.vc_custom_1558082375155{margin-top: 0px !important;margin-right: 0px !important;margin-bottom: 0px !important;margin-left: 0px !important;}&#8220;][vc_column_inner width=&#8220;1\/4&#8243;][vc_custom_heading text=&#8220;WIR SIND IN&#8230;&#8220; font_container=&#8220;tag:h2|font_size:25|text_align:left|color:%23ffffff&#8220; google_fonts=&#8220;font_family:Montserrat%3Aregular%2C700|font_style:400%20regular%3A400%3Anormal&#8220;][\/vc_column_inner][vc_column_inner width=&#8220;1\/4&#8243;][vc_single_image image=&#8220;1996&#8243; img_size=&#8220;196&#215;50&#8243; alignment=&#8220;center&#8220; css_animation=&#8220;fadeInDown&#8220;][\/vc_column_inner][vc_column_inner width=&#8220;1\/4&#8243;][vc_single_image image=&#8220;1999&#8243; img_size=&#8220;full&#8220; alignment=&#8220;center&#8220; css_animation=&#8220;fadeInDown&#8220;][\/vc_column_inner][vc_column_inner width=&#8220;1\/4&#8243;][vc_single_image image=&#8220;1995&#8243; img_size=&#8220;241&#215;50&#8243; alignment=&#8220;center&#8220; css_animation=&#8220;fadeInDown&#8220;][\/vc_column_inner][\/vc_row_inner][\/vc_column][\/vc_row][vc_row full_width=&#8220;stretch_row&#8220; content_placement=&#8220;middle&#8220; css=&#8220;.vc_custom_1558082125060{padding-bottom: 30px !important;background: #e5010e url(https:\/\/www.sigam.it\/wp-content\/uploads\/2019\/05\/silenziatore_fondo_red.png?id=879) !important;}&#8220;][vc_column width=&#8220;5\/6&#8243;][vc_custom_heading text=&#8220;GREIFEN SIE AUF UNSEREN E-COMMERCE ZU&#8220; font_container=&#8220;tag:h2|font_size:40|text_align:left|color:%23ffffff&#8220; google_fonts=&#8220;font_family:Montserrat%3Aregular%2C700|font_style:700%20bold%20regular%3A700%3Anormal&#8220; link=&#8220;url:%23||target:%20_blank|&#8220;][\/vc_column][vc_column width=&#8220;1\/6&#8243;][vc_btn title=&#8220;KLICKEN HIER&#8220; shape=&#8220;square&#8220; color=&#8220;white&#8220; size=&#8220;lg&#8220; align=&#8220;center&#8220; css_animation=&#8220;fadeInDown&#8220; link=&#8220;url:http%3A%2F%2Fecommerce.sigam.it%2Fcassiopea%2F||target:%20_blank|&#8220;][\/vc_column][\/vc_row]<\/p>\n<\/div>","protected":false},"excerpt":{"rendered":"<p>[vc_row full_width=&#8220;stretch_row&#8220; equal_height=&#8220;yes&#8220; content_placement=&#8220;bottom&#8220; disable_element=&#8220;yes&#8220; css=&#8220;.vc_custom_1576575799898{padding-top: 200px !important;padding-bottom: 80px !important;background-image: url(https:\/\/www.sigam.it\/wp-content\/uploads\/2019\/10\/automotive08.jpg?id=1017) !important;background-position: center !important;background-repeat: no-repeat !important;background-size: cover !important;}&#8220;][vc_column offset=&#8220;vc_hidden-sm vc_hidden-xs&#8220;][vc_custom_heading<span class=\"excerpt-hellip\"> [\u2026]<\/span><\/p>\n","protected":false},"author":1,"featured_media":980,"parent":0,"menu_order":0,"comment_status":"open","ping_status":"open","template":"","meta":{"footnotes":""},"class_list":["post-1980","page","type-page","status-publish","has-post-thumbnail","hentry"],"yoast_head":"<!-- This site is optimized with the Yoast SEO plugin v27.0 - https:\/\/yoast.com\/product\/yoast-seo-wordpress\/ -->\n<title>AUTOMOTIVE - Sigam<\/title>\n<meta name=\"robots\" content=\"index, follow, max-snippet:-1, max-image-preview:large, max-video-preview:-1\" \/>\n<link rel=\"canonical\" href=\"https:\/\/www.sigam.it\/de\/automotive\/\" \/>\n<meta property=\"og:locale\" content=\"de_DE\" \/>\n<meta property=\"og:type\" content=\"article\" \/>\n<meta property=\"og:title\" content=\"AUTOMOTIVE - Sigam\" \/>\n<meta property=\"og:description\" content=\"[vc_row full_width=&#8220;stretch_row&#8220; equal_height=&#8220;yes&#8220; content_placement=&#8220;bottom&#8220; disable_element=&#8220;yes&#8220; css=&#8220;.vc_custom_1576575799898{padding-top: 200px !important;padding-bottom: 80px !important;background-image: url(https:\/\/www.sigam.it\/wp-content\/uploads\/2019\/10\/automotive08.jpg?id=1017) !important;background-position: center !important;background-repeat: no-repeat !important;background-size: cover !important;}&#8220;][vc_column offset=&#8220;vc_hidden-sm vc_hidden-xs&#8220;][vc_custom_heading [\u2026]\" \/>\n<meta property=\"og:url\" content=\"https:\/\/www.sigam.it\/de\/automotive\/\" \/>\n<meta property=\"og:site_name\" content=\"Sigam\" \/>\n<meta property=\"article:modified_time\" content=\"2026-01-26T18:05:00+00:00\" \/>\n<meta property=\"og:image\" content=\"https:\/\/www.sigam.it\/wp-content\/uploads\/2019\/09\/automotive-sigam.jpg\" \/>\n\t<meta property=\"og:image:width\" content=\"3840\" \/>\n\t<meta property=\"og:image:height\" content=\"1116\" \/>\n\t<meta property=\"og:image:type\" content=\"image\/jpeg\" \/>\n<meta name=\"twitter:card\" content=\"summary_large_image\" \/>\n<meta name=\"twitter:label1\" content=\"Gesch\u00e4tzte Lesezeit\" \/>\n\t<meta name=\"twitter:data1\" content=\"7\u00a0Minuten\" \/>\n<script type=\"application\/ld+json\" class=\"yoast-schema-graph\">{\"@context\":\"https:\/\/schema.org\",\"@graph\":[{\"@type\":\"WebPage\",\"@id\":\"https:\/\/www.sigam.it\/de\/automotive\/\",\"url\":\"https:\/\/www.sigam.it\/de\/automotive\/\",\"name\":\"AUTOMOTIVE - Sigam\",\"isPartOf\":{\"@id\":\"https:\/\/www.sigam.it\/de\/#website\"},\"primaryImageOfPage\":{\"@id\":\"https:\/\/www.sigam.it\/de\/automotive\/#primaryimage\"},\"image\":{\"@id\":\"https:\/\/www.sigam.it\/de\/automotive\/#primaryimage\"},\"thumbnailUrl\":\"https:\/\/www.sigam.it\/wp-content\/uploads\/2019\/09\/automotive-sigam.jpg\",\"datePublished\":\"2019-03-11T16:48:59+00:00\",\"dateModified\":\"2026-01-26T18:05:00+00:00\",\"breadcrumb\":{\"@id\":\"https:\/\/www.sigam.it\/de\/automotive\/#breadcrumb\"},\"inLanguage\":\"de\",\"potentialAction\":[{\"@type\":\"ReadAction\",\"target\":[\"https:\/\/www.sigam.it\/de\/automotive\/\"]}]},{\"@type\":\"ImageObject\",\"inLanguage\":\"de\",\"@id\":\"https:\/\/www.sigam.it\/de\/automotive\/#primaryimage\",\"url\":\"https:\/\/www.sigam.it\/wp-content\/uploads\/2019\/09\/automotive-sigam.jpg\",\"contentUrl\":\"https:\/\/www.sigam.it\/wp-content\/uploads\/2019\/09\/automotive-sigam.jpg\",\"width\":3840,\"height\":1116},{\"@type\":\"BreadcrumbList\",\"@id\":\"https:\/\/www.sigam.it\/de\/automotive\/#breadcrumb\",\"itemListElement\":[{\"@type\":\"ListItem\",\"position\":1,\"name\":\"Home\",\"item\":\"https:\/\/www.sigam.it\/de\/\"},{\"@type\":\"ListItem\",\"position\":2,\"name\":\"AUTOMOTIVE\"}]},{\"@type\":\"WebSite\",\"@id\":\"https:\/\/www.sigam.it\/de\/#website\",\"url\":\"https:\/\/www.sigam.it\/de\/\",\"name\":\"Sigam\",\"description\":\"Leader dei sistemi di Scarico\",\"potentialAction\":[{\"@type\":\"SearchAction\",\"target\":{\"@type\":\"EntryPoint\",\"urlTemplate\":\"https:\/\/www.sigam.it\/de\/?s={search_term_string}\"},\"query-input\":{\"@type\":\"PropertyValueSpecification\",\"valueRequired\":true,\"valueName\":\"search_term_string\"}}],\"inLanguage\":\"de\"}]}<\/script>\n<!-- \/ Yoast SEO plugin. -->","yoast_head_json":{"title":"AUTOMOTIVE - Sigam","robots":{"index":"index","follow":"follow","max-snippet":"max-snippet:-1","max-image-preview":"max-image-preview:large","max-video-preview":"max-video-preview:-1"},"canonical":"https:\/\/www.sigam.it\/de\/automotive\/","og_locale":"de_DE","og_type":"article","og_title":"AUTOMOTIVE - Sigam","og_description":"[vc_row full_width=&#8220;stretch_row&#8220; equal_height=&#8220;yes&#8220; content_placement=&#8220;bottom&#8220; disable_element=&#8220;yes&#8220; css=&#8220;.vc_custom_1576575799898{padding-top: 200px !important;padding-bottom: 80px !important;background-image: url(https:\/\/www.sigam.it\/wp-content\/uploads\/2019\/10\/automotive08.jpg?id=1017) !important;background-position: center !important;background-repeat: no-repeat !important;background-size: cover !important;}&#8220;][vc_column offset=&#8220;vc_hidden-sm vc_hidden-xs&#8220;][vc_custom_heading [\u2026]","og_url":"https:\/\/www.sigam.it\/de\/automotive\/","og_site_name":"Sigam","article_modified_time":"2026-01-26T18:05:00+00:00","og_image":[{"width":3840,"height":1116,"url":"https:\/\/www.sigam.it\/wp-content\/uploads\/2019\/09\/automotive-sigam.jpg","type":"image\/jpeg"}],"twitter_card":"summary_large_image","twitter_misc":{"Gesch\u00e4tzte Lesezeit":"7\u00a0Minuten"},"schema":{"@context":"https:\/\/schema.org","@graph":[{"@type":"WebPage","@id":"https:\/\/www.sigam.it\/de\/automotive\/","url":"https:\/\/www.sigam.it\/de\/automotive\/","name":"AUTOMOTIVE - Sigam","isPartOf":{"@id":"https:\/\/www.sigam.it\/de\/#website"},"primaryImageOfPage":{"@id":"https:\/\/www.sigam.it\/de\/automotive\/#primaryimage"},"image":{"@id":"https:\/\/www.sigam.it\/de\/automotive\/#primaryimage"},"thumbnailUrl":"https:\/\/www.sigam.it\/wp-content\/uploads\/2019\/09\/automotive-sigam.jpg","datePublished":"2019-03-11T16:48:59+00:00","dateModified":"2026-01-26T18:05:00+00:00","breadcrumb":{"@id":"https:\/\/www.sigam.it\/de\/automotive\/#breadcrumb"},"inLanguage":"de","potentialAction":[{"@type":"ReadAction","target":["https:\/\/www.sigam.it\/de\/automotive\/"]}]},{"@type":"ImageObject","inLanguage":"de","@id":"https:\/\/www.sigam.it\/de\/automotive\/#primaryimage","url":"https:\/\/www.sigam.it\/wp-content\/uploads\/2019\/09\/automotive-sigam.jpg","contentUrl":"https:\/\/www.sigam.it\/wp-content\/uploads\/2019\/09\/automotive-sigam.jpg","width":3840,"height":1116},{"@type":"BreadcrumbList","@id":"https:\/\/www.sigam.it\/de\/automotive\/#breadcrumb","itemListElement":[{"@type":"ListItem","position":1,"name":"Home","item":"https:\/\/www.sigam.it\/de\/"},{"@type":"ListItem","position":2,"name":"AUTOMOTIVE"}]},{"@type":"WebSite","@id":"https:\/\/www.sigam.it\/de\/#website","url":"https:\/\/www.sigam.it\/de\/","name":"Sigam","description":"Leader dei sistemi di Scarico","potentialAction":[{"@type":"SearchAction","target":{"@type":"EntryPoint","urlTemplate":"https:\/\/www.sigam.it\/de\/?s={search_term_string}"},"query-input":{"@type":"PropertyValueSpecification","valueRequired":true,"valueName":"search_term_string"}}],"inLanguage":"de"}]}},"_links":{"self":[{"href":"https:\/\/www.sigam.it\/de\/wp-json\/wp\/v2\/pages\/1980","targetHints":{"allow":["GET"]}}],"collection":[{"href":"https:\/\/www.sigam.it\/de\/wp-json\/wp\/v2\/pages"}],"about":[{"href":"https:\/\/www.sigam.it\/de\/wp-json\/wp\/v2\/types\/page"}],"author":[{"embeddable":true,"href":"https:\/\/www.sigam.it\/de\/wp-json\/wp\/v2\/users\/1"}],"replies":[{"embeddable":true,"href":"https:\/\/www.sigam.it\/de\/wp-json\/wp\/v2\/comments?post=1980"}],"version-history":[{"count":4,"href":"https:\/\/www.sigam.it\/de\/wp-json\/wp\/v2\/pages\/1980\/revisions"}],"predecessor-version":[{"id":10168,"href":"https:\/\/www.sigam.it\/de\/wp-json\/wp\/v2\/pages\/1980\/revisions\/10168"}],"wp:featuredmedia":[{"embeddable":true,"href":"https:\/\/www.sigam.it\/de\/wp-json\/wp\/v2\/media\/980"}],"wp:attachment":[{"href":"https:\/\/www.sigam.it\/de\/wp-json\/wp\/v2\/media?parent=1980"}],"curies":[{"name":"wp","href":"https:\/\/api.w.org\/{rel}","templated":true}]}}